{"id":286,"date":"2025-02-24T15:29:30","date_gmt":"2025-02-24T14:29:30","guid":{"rendered":"https:\/\/kbvmax.com\/?page_id=286"},"modified":"2025-02-24T15:29:49","modified_gmt":"2025-02-24T14:29:49","slug":"oplaty","status":"publish","type":"page","link":"http:\/\/kbvmax.com\/?page_id=286","title":{"rendered":"Op\u0142aty"},"content":{"rendered":"\n<h2 class=\"wp-block-heading\">Op\u0142aty &#8211; P\u00f3\u0142maraton tradycji 2025<\/h2>\n\n\n\n<ol class=\"wp-block-list\">\n<li>Ka\u017cdy uczestnik ponosi koszty op\u0142aty startowej (wpisowego).<\/li>\n<\/ol>\n\n\n\n<p><strong>P\u00f3\u0142maraton:<\/strong><\/p>\n\n\n\n<p><a><strong>&#8211; Do dnia 31 marca 2025 r. wpisowe wynosi 80 z\u0142<\/strong><\/a><strong><\/strong><\/p>\n\n\n\n<p><a><strong>&#8211; <\/strong><\/a><a><strong>Do dnia 30 kwietnia 2025 r. wpisowe wynosi 100 z\u0142<\/strong><\/a><strong><\/strong><\/p>\n\n\n\n<p><strong>&#8211; Do dnia 31 maja 2025 r. wpisowe wynosi 120 z\u0142<\/strong><strong><\/strong><\/p>\n\n\n\n<p><strong>&#8211; Do dnia 30 czerwca 2025 r. wpisowe wynosi 150 z\u0142<\/strong><strong><\/strong><\/p>\n\n\n\n<p>&nbsp;&nbsp;&nbsp; &#8211; W biurze zawod\u00f3w w dniu 5 lipca 2025&nbsp;r. wpisowe wynosi 170&nbsp;z\u0142<\/p>\n\n\n\n<p><strong>Bieg na 5 km oraz Nordic Walking<\/strong><\/p>\n\n\n\n<p><strong>&#8211; Do dnia 31 marca 2025 r. wpisowe wynosi 60 z\u0142<\/strong><strong><\/strong><\/p>\n\n\n\n<p><strong>&#8211; Do dnia 30 kwietnia 2025 r. wpisowe wynosi 80 z\u0142<\/strong><strong><\/strong><\/p>\n\n\n\n<p><strong>&#8211; Do dnia 31 maja 20245 r. wpisowe wynosi 100 z\u0142<\/strong><strong><\/strong><\/p>\n\n\n\n<p><strong>&#8211; Do dnia 30 czerwca 2025 r. wpisowe wynosi 120 z\u0142<\/strong><strong><\/strong><\/p>\n\n\n\n<p>&nbsp;&nbsp;&nbsp; &#8211; W biurze zawod\u00f3w w dniu 6 lipca 2025&nbsp;r. wpisowe wynosi 150&nbsp;z\u0142<\/p>\n","protected":false},"excerpt":{"rendered":"<p>Op\u0142aty &#8211; P\u00f3\u0142maraton tradycji 2025 P\u00f3\u0142maraton: &#8211; Do dnia 31 marca 2025 r. wpisowe wynosi 80 z\u0142 &#8211; Do dnia 30 kwietnia 2025 r. wpisowe wynosi 100 z\u0142 &#8211; Do dnia 31 maja 2025 r. wpisowe wynosi 120 z\u0142 &#8211; Do dnia 30 czerwca 2025 r. wpisowe wynosi 150 z\u0142 &nbsp;&nbsp;&nbsp; &#8211; W biurze zawod\u00f3w [&hellip;]<\/p>\n","protected":false},"author":1,"featured_media":0,"parent":278,"menu_order":0,"comment_status":"closed","ping_status":"closed","template":"","meta":{"saved_in_kubio":false,"footnotes":""},"class_list":["post-286","page","type-page","status-publish","hentry"],"kubio_ai_page_context":{"short_desc":"","purpose":"general"},"_links":{"self":[{"href":"http:\/\/kbvmax.com\/index.php?rest_route=\/wp\/v2\/pages\/286","targetHints":{"allow":["GET"]}}],"collection":[{"href":"http:\/\/kbvmax.com\/index.php?rest_route=\/wp\/v2\/pages"}],"about":[{"href":"http:\/\/kbvmax.com\/index.php?rest_route=\/wp\/v2\/types\/page"}],"author":[{"embeddable":true,"href":"http:\/\/kbvmax.com\/index.php?rest_route=\/wp\/v2\/users\/1"}],"replies":[{"embeddable":true,"href":"http:\/\/kbvmax.com\/index.php?rest_route=%2Fwp%2Fv2%2Fcomments&post=286"}],"version-history":[{"count":1,"href":"http:\/\/kbvmax.com\/index.php?rest_route=\/wp\/v2\/pages\/286\/revisions"}],"predecessor-version":[{"id":287,"href":"http:\/\/kbvmax.com\/index.php?rest_route=\/wp\/v2\/pages\/286\/revisions\/287"}],"up":[{"embeddable":true,"href":"http:\/\/kbvmax.com\/index.php?rest_route=\/wp\/v2\/pages\/278"}],"wp:attachment":[{"href":"http:\/\/kbvmax.com\/index.php?rest_route=%2Fwp%2Fv2%2Fmedia&parent=286"}],"curies":[{"name":"wp","href":"https:\/\/api.w.org\/{rel}","templated":true}]}}