{"id":284,"date":"2025-02-24T15:27:34","date_gmt":"2025-02-24T14:27:34","guid":{"rendered":"https:\/\/kbvmax.com\/?page_id=284"},"modified":"2025-02-24T15:27:34","modified_gmt":"2025-02-24T14:27:34","slug":"harmonogram","status":"publish","type":"page","link":"http:\/\/kbvmax.com\/?page_id=284","title":{"rendered":"Harmonogram"},"content":{"rendered":"\n<h2 class=\"wp-block-heading\">Harmonogram &#8211; P\u00f3\u0142maraton tradycji 2025<\/h2>\n\n\n\n<ol class=\"wp-block-list\">\n<li>Program szczeg\u00f3\u0142owy:<\/li>\n<\/ol>\n\n\n\n<p>godz. 14:00 &#8211;&nbsp; otwarcie biura zawod\u00f3w<\/p>\n\n\n\n<p>godz. 17:30 &#8211; zamkni\u0119cie biura zawod\u00f3w<\/p>\n\n\n\n<p>godz. 18:00 &#8211; start biegu na dystansie 21 km<\/p>\n\n\n\n<p>godz. 18:05 &#8211; start biegu na dystansie 5 km<\/p>\n\n\n\n<p>godz. 18:10 &#8211; start Nordic Walking na dystansie 5 km<\/p>\n\n\n\n<p>godz. 20:20 &#8211; wr\u0119czenie nagr\u00f3d zwyci\u0119zcom bieg\u00f3w<\/p>\n\n\n\n<p>Impreza integracyjna dla wszystkich uczestnik\u00f3w biegu<\/p>\n","protected":false},"excerpt":{"rendered":"<p>Harmonogram &#8211; P\u00f3\u0142maraton tradycji 2025 godz. 14:00 &#8211;&nbsp; otwarcie biura zawod\u00f3w godz. 17:30 &#8211; zamkni\u0119cie biura zawod\u00f3w godz. 18:00 &#8211; start biegu na dystansie 21 km godz. 18:05 &#8211; start biegu na dystansie 5 km godz. 18:10 &#8211; start Nordic Walking na dystansie 5 km godz. 20:20 &#8211; wr\u0119czenie nagr\u00f3d zwyci\u0119zcom bieg\u00f3w Impreza integracyjna dla [&hellip;]<\/p>\n","protected":false},"author":1,"featured_media":0,"parent":278,"menu_order":0,"comment_status":"closed","ping_status":"closed","template":"","meta":{"saved_in_kubio":false,"footnotes":""},"class_list":["post-284","page","type-page","status-publish","hentry"],"kubio_ai_page_context":{"short_desc":"","purpose":"general"},"_links":{"self":[{"href":"http:\/\/kbvmax.com\/index.php?rest_route=\/wp\/v2\/pages\/284","targetHints":{"allow":["GET"]}}],"collection":[{"href":"http:\/\/kbvmax.com\/index.php?rest_route=\/wp\/v2\/pages"}],"about":[{"href":"http:\/\/kbvmax.com\/index.php?rest_route=\/wp\/v2\/types\/page"}],"author":[{"embeddable":true,"href":"http:\/\/kbvmax.com\/index.php?rest_route=\/wp\/v2\/users\/1"}],"replies":[{"embeddable":true,"href":"http:\/\/kbvmax.com\/index.php?rest_route=%2Fwp%2Fv2%2Fcomments&post=284"}],"version-history":[{"count":1,"href":"http:\/\/kbvmax.com\/index.php?rest_route=\/wp\/v2\/pages\/284\/revisions"}],"predecessor-version":[{"id":285,"href":"http:\/\/kbvmax.com\/index.php?rest_route=\/wp\/v2\/pages\/284\/revisions\/285"}],"up":[{"embeddable":true,"href":"http:\/\/kbvmax.com\/index.php?rest_route=\/wp\/v2\/pages\/278"}],"wp:attachment":[{"href":"http:\/\/kbvmax.com\/index.php?rest_route=%2Fwp%2Fv2%2Fmedia&parent=284"}],"curies":[{"name":"wp","href":"https:\/\/api.w.org\/{rel}","templated":true}]}}