{"id":282,"date":"2025-02-24T15:25:51","date_gmt":"2025-02-24T14:25:51","guid":{"rendered":"https:\/\/kbvmax.com\/?page_id=282"},"modified":"2025-02-24T15:25:51","modified_gmt":"2025-02-24T14:25:51","slug":"regulamin","status":"publish","type":"page","link":"http:\/\/kbvmax.com\/?page_id=282","title":{"rendered":"Regulamin"},"content":{"rendered":"\n<h2 class=\"wp-block-heading\">Regulamin &#8211; P\u00f3\u0142maraton Tradycji 2025<\/h2>\n\n\n\n<p><strong>REGULAMIN<\/strong><\/p>\n\n\n\n<p><strong>XIV P\u00d3\u0141MARATONU TRADYCJI W LESIE GU\u0141OWSKIM<\/strong><\/p>\n\n\n\n<ol class=\"wp-block-list\">\n<li><strong>CEL<\/strong><\/li>\n<\/ol>\n\n\n\n<ol class=\"wp-block-list\">\n<li>Popularyzacja i upowszechnianie biegania jako zdrowej i prostej formy sportu i wypoczynku.<\/li>\n\n\n\n<li>Promocja obszar\u00f3w o wysokich walorach przyrodniczych.<\/li>\n\n\n\n<li>Promocja Gminy Adam\u00f3w.<\/li>\n\n\n\n<li>Promocja Klubu Biegacza V-Max Adam\u00f3w.<\/li>\n\n\n\n<li>Upami\u0119tnienie miejsc tradycji w Lesie Gu\u0142owskim.<\/li>\n<\/ol>\n\n\n\n<ul class=\"wp-block-list\">\n<li><strong>\u00a0ORGANIZATOR<\/strong><\/li>\n\n\n\n<li>Klub Biegacza V-Max Adam\u00f3w<\/li>\n\n\n\n<li>Wsp\u00f3\u0142organizator \u2013 Gmina Adam\u00f3w<\/li>\n<\/ul>\n\n\n\n<ul class=\"wp-block-list\">\n<li><strong>\u00a0TERMIN I MIEJSCE<\/strong><\/li>\n\n\n\n<li>Bieg odb\u0119dzie si\u0119 5 lipca 2025 r.<\/li>\n\n\n\n<li>Start biegu nast\u0105pi o godz. 18:00 \u2013 bieg na dystansie 21\u00a0km.<\/li>\n\n\n\n<li>Trasa przebiega\u0107 b\u0119dzie drogami le\u015bnymi ze startem i met\u0105 na parkingu le\u015bnym \u201eRONDO\u201d.<\/li>\n\n\n\n<li>Limit czasu dla dystansu 21 km wynosi 3 godz. Powy\u017cej limitu zawodnicy nie b\u0119d\u0105 klasyfikowani.<\/li>\n\n\n\n<li>Zawodnicy, kt\u00f3rzy zrezygnuj\u0105 lub nie uko\u0144cz\u0105 biegu zobowi\u0105zani s\u0105 do opuszczenia trasy i\u00a0zdj\u0119cia numeru. Zawodnik ponosi pe\u0142n\u0105 odpowiedzialno\u015b\u0107 za w\u0142asne dzia\u0142ania i zachowanie stosownie do przepis\u00f3w ruchu drogowego oraz Kodeksu cywilnego.<\/li>\n\n\n\n<li>Trasa biegu b\u0119dzie posiada\u0107 oznaczenia dystansu co 1 kilometr licz\u0105c od startu do mety.<\/li>\n\n\n\n<li>Na mecie w punkcie medycznym znajdowa\u0107 si\u0119 b\u0119dzie zabezpieczenie medyczne.<\/li>\n\n\n\n<li>Program szczeg\u00f3\u0142owy:<\/li>\n<\/ul>\n\n\n\n<p>godz. 14:00 &#8211;&nbsp; otwarcie biura zawod\u00f3w<\/p>\n\n\n\n<p>godz. 17:30 &#8211; zamkni\u0119cie biura zawod\u00f3w<\/p>\n\n\n\n<p>godz. 18:00 &#8211; start biegu na dystansie 21 km<\/p>\n\n\n\n<p>godz. 18:05 &#8211; start biegu na dystansie 5 km<\/p>\n\n\n\n<p>godz. 18:10 &#8211; start Nordic Walking na dystansie 5 km<\/p>\n\n\n\n<p>godz. 20:20 &#8211; wr\u0119czenie nagr\u00f3d zwyci\u0119zcom bieg\u00f3w<\/p>\n\n\n\n<p>Impreza integracyjna dla wszystkich uczestnik\u00f3w biegu<\/p>\n\n\n\n<ul class=\"wp-block-list\">\n<li><strong>UCZESTNICTWO<\/strong><\/li>\n\n\n\n<li>Impreza ma charakter otwarty i b\u0119dzie prowadzona w duchu fair play.<\/li>\n\n\n\n<li>W biegu prawo startu maj\u0105 osoby, kt\u00f3re uko\u0144cz\u0105 do dnia 5 lipca 2025 r. 18\u00a0lat (bieg na dystansie 21 km ). Uczestnicy (dzieci i m\u0142odzie\u017c), kt\u00f3rzy nie uko\u0144czyli 18 roku \u017cycia, musz\u0105 posiada\u0107 pisemn\u0105 zgod\u0119 rodzic\u00f3w lub opiekun\u00f3w prawnych na udzia\u0142 w imprezie i mog\u0105 startowa\u0107 tylko na dystansie 5 km.<\/li>\n\n\n\n<li>W kategorii os\u00f3b \u201eNIEPE\u0141NOSPRAWNYCH\u201d, start odbywa si\u0119 na dystansie 5 km OPEN z podzia\u0142em na kobiety i m\u0119\u017cczyzn, bez podzia\u0142u na kategorie wiekowe. NIEPE\u0141NOSPRAWNY uczestnik deklaruj\u0105c (dokumentuj\u0105c) start w tej\u017ce kategorii nie mo\u017ce by\u0107 klasyfikowany w \u017cadnej innej kategorii.<\/li>\n\n\n\n<li>Wszyscy zawodnicy startuj\u0105cy w biegu zobowi\u0105zani s\u0105 podda\u0107 si\u0119 weryfikacji w\u00a0Biurze Organizacyjnym w dniu zawod\u00f3w w godz. od 14:00 do 17:30. Podczas weryfikacji wszyscy zawodnicy musz\u0105 posiada\u0107 dow\u00f3d to\u017csamo\u015bci ze zdj\u0119ciem. Warunkiem dopuszczenia do biegu b\u0119dzie przedstawienie przez uczestnika do weryfikacji za\u015bwiadczenia lekarskiego o\u00a0braku przeciwwskaza\u0144 do udzia\u0142u w\u00a0przedmiotowym biegu lub z\u0142o\u017cenie o\u015bwiadczenia o zdolno\u015bci do udzia\u0142u w biegu podpisanego w\u0142asnor\u0119cznie. Decyzje lekarza dotycz\u0105ce dopuszczenia do biegu i\u00a0jego kontynuowania s\u0105 ostateczne i nieodwo\u0142alne.<\/li>\n\n\n\n<li>S\u0119dzia G\u0142\u00f3wny i Dyrektor biegu mog\u0105 nie dopu\u015bci\u0107 zawodnik\u00f3w do biegu lub nie pozwoli\u0107 na jego kontynuowanie ze wzgl\u0119d\u00f3w regulaminowych.<\/li>\n\n\n\n<li>Uczestnicy imprezy bior\u0105 udzia\u0142 w biegu na w\u0142asn\u0105 odpowiedzialno\u015b\u0107<br>i\u00a0wskazane jest ubezpieczenie si\u0119 na w\u0142asny koszt od nast\u0119pstw nieszcz\u0119\u015bliwych wypadk\u00f3w.<\/li>\n\n\n\n<li>Ka\u017cdy zawodnik ma obowi\u0105zek zapozna\u0107 si\u0119 z regulaminem biegu i jest zobowi\u0105zany do jego przestrzegania.<\/li>\n\n\n\n<li>Pobranie numeru startowego przez zawodnika jest r\u00f3wnoznaczne z\u00a0akceptacj\u0105 regulaminu biegu.<\/li>\n<\/ul>\n\n\n\n<ul class=\"wp-block-list\">\n<li><strong>\u00a0ZG\u0141OSZENIA<\/strong><ul><li>Zg\u0142oszenia przyjmowane s\u0105 poprzez formularz zg\u0142oszeniowy dost\u0119pny na stronie www.Time2go.pl Zg\u0142oszenia on-line zostan\u0105 zawieszone 30 czerwca 2025 roku. Po tym terminie zg\u0142oszenia b\u0119d\u0105 mo\u017cliwe wy\u0142\u0105cznie w biurze zawod\u00f3w (Organizator przewidzia\u0142 limit na zg\u0142oszenia w\u00a0dniu biegu na 20 os\u00f3b).<\/li><\/ul>\n<ul class=\"wp-block-list\">\n<li>Ka\u017cdy uczestnik ponosi koszty op\u0142aty startowej (wpisowego).<\/li>\n<\/ul>\n<\/li>\n<\/ul>\n\n\n\n<p><strong>P\u00f3\u0142maraton:<\/strong><\/p>\n\n\n\n<p><a><strong>&#8211; Do dnia 31 marca 2025 r. wpisowe wynosi 80 z\u0142<\/strong><\/a><strong><\/strong><\/p>\n\n\n\n<p><a><strong>&#8211; <\/strong><\/a><a><strong>Do dnia 30 kwietnia 2025 r. wpisowe wynosi 100 z\u0142<\/strong><\/a><strong><\/strong><\/p>\n\n\n\n<p><strong>&#8211; Do dnia 31 maja 2025 r. wpisowe wynosi 120 z\u0142<\/strong><strong><\/strong><\/p>\n\n\n\n<p><strong>&#8211; Do dnia 30 czerwca 2025 r. wpisowe wynosi 150 z\u0142<\/strong><strong><\/strong><\/p>\n\n\n\n<p>&nbsp;&nbsp;&nbsp; &#8211; W biurze zawod\u00f3w w dniu 5 lipca 2025&nbsp;r. wpisowe wynosi 170&nbsp;z\u0142<\/p>\n\n\n\n<p><strong>Bieg na 5 km oraz Nordic Walking<\/strong><\/p>\n\n\n\n<p><strong>&#8211; Do dnia 31 marca 2025 r. wpisowe wynosi 60 z\u0142<\/strong><strong><\/strong><\/p>\n\n\n\n<p><strong>&#8211; Do dnia 30 kwietnia 2025 r. wpisowe wynosi 80 z\u0142<\/strong><strong><\/strong><\/p>\n\n\n\n<p><strong>&#8211; Do dnia 31 maja 20245 r. wpisowe wynosi 100 z\u0142<\/strong><strong><\/strong><\/p>\n\n\n\n<p><strong>&#8211; Do dnia 30 czerwca 2025 r. wpisowe wynosi 120 z\u0142<\/strong><strong><\/strong><\/p>\n\n\n\n<p>&nbsp;&nbsp;&nbsp; &#8211; W biurze zawod\u00f3w w dniu 6 lipca 2025&nbsp;r. wpisowe wynosi 150&nbsp;z\u0142<\/p>\n\n\n\n<p>Mieszka\u0144com gminy Adam\u00f3w, Cz\u0142onkom klubu Biegacza V-Max Adam\u00f3w, osobom NIEPE\u0141NOSPRAWNYM przys\u0142uguje rabat w&nbsp;wysoko\u015bci 50% wysoko\u015bci wpisowego.<\/p>\n\n\n\n<ul class=\"wp-block-list\">\n<li>W przypadku wniesienia op\u0142aty startowej w niewystarczaj\u0105cej wysoko\u015bci\u00a0 zawodnik jest zobowi\u0105zany do dop\u0142acenia r\u00f3\u017cnicy do wysoko\u015bci kwoty, jak\u0105 winien by\u0142 wnie\u015b\u0107 zgodnie z terminem, w jakim dokonywa\u0142 swojej ostatniej wp\u0142aty.<ul><li>Dowodem wp\u0142yni\u0119cia op\u0142aty jest pojawienie si\u0119 numeru startowego przy nazwisku zawodnika na li\u015bcie startowej.<\/li><\/ul><ul><li>Organizator nie odpowiada za zagini\u0119cie zg\u0142oszenia oraz przekazu pocztowego lub przelewu bankowego z winy poczty lub banku.<\/li><\/ul>\n<ul class=\"wp-block-list\">\n<li>Op\u0142ata raz uiszczona nie podlega zwrotowi<\/li>\n<\/ul>\n<\/li>\n<\/ul>\n\n\n\n<ul class=\"wp-block-list\">\n<li><strong>KLASYFIKACJE<\/strong><\/li>\n<\/ul>\n\n\n\n<p><strong>&#8211; P\u00f3\u0142maraton<\/strong><br><strong>&nbsp;&nbsp;&nbsp;&nbsp;&nbsp; 1<\/strong><strong>.<\/strong> Klasyfikacja generalna m\u0119\u017cczyzn i&nbsp; kobiet<br><strong>&nbsp;&nbsp;&nbsp;&nbsp;&nbsp; 2<\/strong><strong>.<\/strong> Kategorie wiekowe:<\/p>\n\n\n\n<p>Kategoria wiekowa&nbsp;&nbsp;&nbsp;&nbsp;&nbsp;&nbsp;&nbsp;&nbsp;&nbsp;&nbsp; &nbsp;&nbsp;&nbsp;&nbsp;&nbsp;&nbsp;&nbsp;&nbsp;&nbsp; &nbsp;&nbsp;&nbsp;&nbsp;&nbsp;&nbsp;&nbsp;&nbsp;&nbsp; Lat<\/p>\n\n\n\n<p>K18 &#8211; 29 \/ M18 &#8211; 29&nbsp;&nbsp;&nbsp;&nbsp;&nbsp;&nbsp;&nbsp;&nbsp;&nbsp;&nbsp;&nbsp;&nbsp;&nbsp;&nbsp;&nbsp;&nbsp;&nbsp;&nbsp;&nbsp;&nbsp;&nbsp;&nbsp;&nbsp;&nbsp;&nbsp;&nbsp;&nbsp;&nbsp; 18-29<\/p>\n\n\n\n<p>K30 &#8211; 39 \/ M30 &#8211; 39&nbsp;&nbsp;&nbsp;&nbsp;&nbsp;&nbsp;&nbsp;&nbsp;&nbsp;&nbsp;&nbsp;&nbsp;&nbsp;&nbsp;&nbsp;&nbsp;&nbsp;&nbsp;&nbsp;&nbsp;&nbsp;&nbsp;&nbsp;&nbsp;&nbsp;&nbsp;&nbsp;&nbsp; 30-39<\/p>\n\n\n\n<p>K40 &#8211; 49 \/ M40 &#8211; 49&nbsp;&nbsp;&nbsp;&nbsp;&nbsp;&nbsp;&nbsp;&nbsp;&nbsp;&nbsp;&nbsp;&nbsp;&nbsp;&nbsp;&nbsp;&nbsp;&nbsp;&nbsp;&nbsp;&nbsp;&nbsp;&nbsp;&nbsp;&nbsp;&nbsp;&nbsp;&nbsp;&nbsp; 40-49<\/p>\n\n\n\n<p>K50 &#8211; 59 \/ M50 &#8211; 59 &nbsp;&nbsp;&nbsp;&nbsp;&nbsp;&nbsp;&nbsp;&nbsp;&nbsp;&nbsp;&nbsp;&nbsp;&nbsp;&nbsp;&nbsp;&nbsp;&nbsp;&nbsp;&nbsp;&nbsp;&nbsp;&nbsp;&nbsp;&nbsp;&nbsp;&nbsp;&nbsp; 50-59<\/p>\n\n\n\n<p>K60 &#8211; 69 \/ M60 &#8211; 69 &nbsp;&nbsp;&nbsp;&nbsp;&nbsp;&nbsp;&nbsp;&nbsp;&nbsp;&nbsp;&nbsp;&nbsp;&nbsp;&nbsp;&nbsp;&nbsp;&nbsp;&nbsp;&nbsp;&nbsp;&nbsp;&nbsp;&nbsp;&nbsp;&nbsp;&nbsp;&nbsp; 60-69<\/p>\n\n\n\n<p>K70+ \/ M70+&nbsp;&nbsp;&nbsp;&nbsp;&nbsp;&nbsp;&nbsp;&nbsp;&nbsp;&nbsp;&nbsp;&nbsp;&nbsp;&nbsp;&nbsp;&nbsp;&nbsp;&nbsp;&nbsp;&nbsp;&nbsp;&nbsp;&nbsp;&nbsp;&nbsp;&nbsp;&nbsp;&nbsp;&nbsp;&nbsp;&nbsp;&nbsp;&nbsp;&nbsp;&nbsp;&nbsp;&nbsp;&nbsp; &gt;70<\/p>\n\n\n\n<p><strong>&#8211; Bieg na 5&nbsp;km<\/strong><\/p>\n\n\n\n<p>1. Klasyfikacja generalna m\u0119\u017cczyzn i&nbsp; kobiet<\/p>\n\n\n\n<p><strong>2<\/strong><strong>.<\/strong> Osoby niepe\u0142nosprawne OPEN K\/M<\/p>\n\n\n\n<p><strong>&#8211; Nordic Walking<\/strong><\/p>\n\n\n\n<p>1. Klasyfikacja generalna m\u0119\u017cczyzn i&nbsp; kobiet<\/p>\n\n\n\n<p><strong>2<\/strong>. Osoby niepe\u0142nosprawne OPEN K\/M<\/p>\n\n\n\n<p><strong>&#8211; Klasyfikacja dru\u017cynowa<\/strong><\/p>\n\n\n\n<p>Klasyfikacja generalna (liczy si\u0119 najwi\u0119ksza ilo\u015b\u0107 os\u00f3b zg\u0142oszonych pod tak\u0105 sam\u0105 nazw\u0105, kt\u00f3re uko\u0144cz\u0105 kt\u00f3rykolwiek z&nbsp;bieg\u00f3w. W&nbsp;przypadku takiej samej liczby uczestnik\u00f3w o zaj\u0119tym miejscu decyduje czas najlepszego zawodnika z P\u00f3\u0142maratonu.)<\/p>\n\n\n\n<p>&nbsp;&nbsp;&nbsp;&nbsp;&nbsp;&nbsp;&nbsp;&nbsp;&nbsp;&nbsp;&nbsp;&nbsp;&nbsp;&nbsp;&nbsp; Organizator zastrzega sobie prawo do wprowadzenia odr\u0119bnych klasyfikacji.<\/p>\n\n\n\n<ul class=\"wp-block-list\">\n<li><strong>NAGRODY<\/strong><ul><li>W klasyfikacji generalnej P\u00f3\u0142maratonu za miejsca 1-3 statuetki oraz upominki od organizator\u00f3w.<\/li><\/ul><ul><li>W klasyfikacji generalnej biegu na 5km oraz Nordic Walking za miejsca 1-3 statuetki oraz upominki od organizator\u00f3w.<\/li><\/ul><ul><li>W pozosta\u0142ych kategoriach za 1 miejsce statuetka oraz za miejsca 1-3 upominki od organizator\u00f3w.<\/li><\/ul><ul><li>Dla wszystkich os\u00f3b, kt\u00f3re uko\u0144cz\u0105 bieg zgodnie z regulaminem okoliczno\u015bciowe medale na mecie.<\/li><\/ul><ul><li>Nagrody w klasyfikacji generalnej nie dubluj\u0105 si\u0119 z nagrodami w kategoriach wiekowych.<\/li><\/ul>\n<ul class=\"wp-block-list\">\n<li>W klasyfikacji dru\u017cynowej za miejsca 1-6 puchary oraz upominki od organizator\u00f3w.<\/li>\n<\/ul>\n<\/li>\n<\/ul>\n\n\n\n<ul class=\"wp-block-list\">\n<li><strong>\u00a0\u00a0ZASADY FINANSOWANIA<\/strong><\/li>\n\n\n\n<li>Koszty zwi\u0105zane z przeprowadzeniem imprezy pokrywa organizator.<\/li>\n\n\n\n<li>Zawodnicy przyje\u017cd\u017caj\u0105 na koszt w\u0142asny lub jednostki deleguj\u0105cej.<\/li>\n<\/ul>\n\n\n\n<ul class=\"wp-block-list\">\n<li><strong>POSTANOWIENIA KO\u0143COWE<\/strong><\/li>\n\n\n\n<li>Bieg pod nazw\u0105 \u201eXIV P\u00f3\u0142maraton Tradycji w Lesie Gu\u0142owskim\u201d odb\u0119dzie si\u0119 bez wzgl\u0119du na warunki atmosferyczne.<\/li>\n\n\n\n<li>Podczas biegu zawodnicy musz\u0105 posiada\u0107 numery startowe przypi\u0119te do koszulki z\u00a0przodu na klatce piersiowej.<\/li>\n\n\n\n<li>Zawodnicy pokonuj\u0105cy dystans w spos\u00f3b niedozwolony zostan\u0105 zdyskwalifikowani.<\/li>\n\n\n\n<li>Uczestnik\u00f3w biegu obowi\u0105zuje estetyczny ubi\u00f3r.<\/li>\n\n\n\n<li>Pomiar czasu b\u0119dzie elektroniczny.<\/li>\n\n\n\n<li>Biuro zawod\u00f3w znajdowa\u0107 si\u0119 b\u0119dzie na parkingu le\u015bnym \u201eRONDO\u201d w\u00a0Gu\u0142owie.<\/li>\n\n\n\n<li>Zawodnicy b\u0119d\u0105 mieli mo\u017cliwo\u015b\u0107 bezp\u0142atnego korzystania z przebieralni, umywalni i toalet znajduj\u0105cych si\u0119 przy boisku sportowym w Adamowie.<\/li>\n\n\n\n<li>Protesty nale\u017cy sk\u0142ada\u0107 w dniu imprezy do s\u0119dziego g\u0142\u00f3wnego, do 30 minut od chwili og\u0142oszenia wynik\u00f3w oficjalnych. Z\u0142o\u017cenie protestu r\u00f3wnoznaczne jest z wp\u0142at\u0105 kaucji w wysoko\u015bci 200,00 z\u0142. W przypadku nie uznania protestu kaucja przepada.<\/li>\n\n\n\n<li>Wszelkie kwestie sporne dotycz\u0105ce biegu rozstrzyga S\u0119dzia G\u0142\u00f3wny, jego decyzje s\u0105 ostateczne i niepodwa\u017calne.<\/li>\n\n\n\n<li>Wszyscy uczestnicy bior\u0105 udzia\u0142 w biegu na w\u0142asn\u0105 odpowiedzialno\u015b\u0107 i nie mog\u0105 wnosi\u0107 \u017cadnych roszcze\u0144 w stosunku do organizator\u00f3w w razie zaistnienia zdarze\u0144 losowych podczas trwania imprezy.<\/li>\n\n\n\n<li>Organizator zapewnia sobie prawo do zmian w regulaminie biegu.<\/li>\n<\/ul>\n","protected":false},"excerpt":{"rendered":"<p>Regulamin &#8211; P\u00f3\u0142maraton Tradycji 2025 REGULAMIN XIV P\u00d3\u0141MARATONU TRADYCJI W LESIE GU\u0141OWSKIM godz. 14:00 &#8211;&nbsp; otwarcie biura zawod\u00f3w godz. 17:30 &#8211; zamkni\u0119cie biura zawod\u00f3w godz. 18:00 &#8211; start biegu na dystansie 21 km godz. 18:05 &#8211; start biegu na dystansie 5 km godz. 18:10 &#8211; start Nordic Walking na dystansie 5 km godz. 20:20 &#8211; [&hellip;]<\/p>\n","protected":false},"author":1,"featured_media":0,"parent":278,"menu_order":0,"comment_status":"closed","ping_status":"closed","template":"","meta":{"saved_in_kubio":false,"footnotes":""},"class_list":["post-282","page","type-page","status-publish","hentry"],"kubio_ai_page_context":{"short_desc":"","purpose":"general"},"_links":{"self":[{"href":"http:\/\/kbvmax.com\/index.php?rest_route=\/wp\/v2\/pages\/282","targetHints":{"allow":["GET"]}}],"collection":[{"href":"http:\/\/kbvmax.com\/index.php?rest_route=\/wp\/v2\/pages"}],"about":[{"href":"http:\/\/kbvmax.com\/index.php?rest_route=\/wp\/v2\/types\/page"}],"author":[{"embeddable":true,"href":"http:\/\/kbvmax.com\/index.php?rest_route=\/wp\/v2\/users\/1"}],"replies":[{"embeddable":true,"href":"http:\/\/kbvmax.com\/index.php?rest_route=%2Fwp%2Fv2%2Fcomments&post=282"}],"version-history":[{"count":1,"href":"http:\/\/kbvmax.com\/index.php?rest_route=\/wp\/v2\/pages\/282\/revisions"}],"predecessor-version":[{"id":283,"href":"http:\/\/kbvmax.com\/index.php?rest_route=\/wp\/v2\/pages\/282\/revisions\/283"}],"up":[{"embeddable":true,"href":"http:\/\/kbvmax.com\/index.php?rest_route=\/wp\/v2\/pages\/278"}],"wp:attachment":[{"href":"http:\/\/kbvmax.com\/index.php?rest_route=%2Fwp%2Fv2%2Fmedia&parent=282"}],"curies":[{"name":"wp","href":"https:\/\/api.w.org\/{rel}","templated":true}]}}