{"id":269,"date":"2025-02-24T10:19:38","date_gmt":"2025-02-24T09:19:38","guid":{"rendered":"https:\/\/kbvmax.com\/?page_id=269"},"modified":"2025-02-24T15:18:17","modified_gmt":"2025-02-24T14:18:17","slug":"oplaty","status":"publish","type":"page","link":"http:\/\/kbvmax.com\/?page_id=269","title":{"rendered":"Op\u0142aty"},"content":{"rendered":"\n<h2 class=\"wp-block-heading\">Op\u0142aty &#8211; Adamowska X 2025<\/h2>\n\n\n\n<p>Ka\u017cdy uczestnik XVI Adamowskiej Dziesi\u0105tki (bieg na\u00a010 km) ponosi koszty op\u0142aty startowej (wpisowego).<\/p>\n\n\n\n<ol class=\"wp-block-list\"><\/ol>\n\n\n\n<p>&#8211; <strong>Do dnia 31 maja 2025 r. wpisowe wynosi 60 z\u0142<\/strong>.<\/p>\n\n\n\n<p>&#8211; <strong>Do dnia 31 lipca 2025 r. wpisowe wynosi 80 z\u0142<\/strong>.<\/p>\n\n\n\n<p>&#8211; <strong>Do dnia 30 wrze\u015bnia 2025 r. wpisowe wynosi 100 z\u0142<\/strong>.<\/p>\n\n\n\n<p>&#8211; Do dnia 15 pa\u017adziernika 2025 r. wpisowe wynosi 120 z\u0142.<\/p>\n\n\n\n<p>&#8211; Wpisowe p\u0142atne po 15 pa\u017adziernika 2025 r. wynosi 150 z\u0142.<\/p>\n","protected":false},"excerpt":{"rendered":"<p>Op\u0142aty &#8211; Adamowska X 2025 Ka\u017cdy uczestnik XVI Adamowskiej Dziesi\u0105tki (bieg na\u00a010 km) ponosi koszty op\u0142aty startowej (wpisowego). &#8211; Do dnia 31 maja 2025 r. wpisowe wynosi 60 z\u0142. &#8211; Do dnia 31 lipca 2025 r. wpisowe wynosi 80 z\u0142. &#8211; Do dnia 30 wrze\u015bnia 2025 r. wpisowe wynosi 100 z\u0142. &#8211; Do dnia 15 [&hellip;]<\/p>\n","protected":false},"author":1,"featured_media":0,"parent":253,"menu_order":0,"comment_status":"closed","ping_status":"closed","template":"","meta":{"saved_in_kubio":false,"footnotes":""},"class_list":["post-269","page","type-page","status-publish","hentry"],"kubio_ai_page_context":{"short_desc":"","purpose":"general"},"_links":{"self":[{"href":"http:\/\/kbvmax.com\/index.php?rest_route=\/wp\/v2\/pages\/269","targetHints":{"allow":["GET"]}}],"collection":[{"href":"http:\/\/kbvmax.com\/index.php?rest_route=\/wp\/v2\/pages"}],"about":[{"href":"http:\/\/kbvmax.com\/index.php?rest_route=\/wp\/v2\/types\/page"}],"author":[{"embeddable":true,"href":"http:\/\/kbvmax.com\/index.php?rest_route=\/wp\/v2\/users\/1"}],"replies":[{"embeddable":true,"href":"http:\/\/kbvmax.com\/index.php?rest_route=%2Fwp%2Fv2%2Fcomments&post=269"}],"version-history":[{"count":2,"href":"http:\/\/kbvmax.com\/index.php?rest_route=\/wp\/v2\/pages\/269\/revisions"}],"predecessor-version":[{"id":277,"href":"http:\/\/kbvmax.com\/index.php?rest_route=\/wp\/v2\/pages\/269\/revisions\/277"}],"up":[{"embeddable":true,"href":"http:\/\/kbvmax.com\/index.php?rest_route=\/wp\/v2\/pages\/253"}],"wp:attachment":[{"href":"http:\/\/kbvmax.com\/index.php?rest_route=%2Fwp%2Fv2%2Fmedia&parent=269"}],"curies":[{"name":"wp","href":"https:\/\/api.w.org\/{rel}","templated":true}]}}