{"id":260,"date":"2025-02-24T10:09:11","date_gmt":"2025-02-24T09:09:11","guid":{"rendered":"https:\/\/kbvmax.com\/?page_id=260"},"modified":"2025-02-26T12:34:40","modified_gmt":"2025-02-26T11:34:40","slug":"harmonogram","status":"publish","type":"page","link":"http:\/\/kbvmax.com\/?page_id=260","title":{"rendered":"Harmonogram"},"content":{"rendered":"\n<h2 class=\"wp-block-heading\">Harmonogram &#8211; Adamowska X 2025<\/h2>\n\n\n\n<p>Program imprezy:<\/p>\n\n\n\n<p>godz. 9.00 &#8211; otwarcie biura zawod\u00f3w<\/p>\n\n\n\n<p>godz. 9.30 \u2013 start bieg\u00f3w m\u0142odzie\u017cowych<\/p>\n\n\n\n<p>godz. 11.30 &#8211; start biegu na dystansie 10 km<\/p>\n\n\n\n<p>godz. 13.15 &#8211; wr\u0119czenie nagr\u00f3d zwyci\u0119zcom bieg\u00f3w<\/p>\n\n\n\n<p>godz. 14.00 &#8211; zako\u0144czenie imprezy<\/p>\n","protected":false},"excerpt":{"rendered":"<p>Harmonogram &#8211; Adamowska X 2025 Program imprezy: godz. 9.00 &#8211; otwarcie biura zawod\u00f3w godz. 9.30 \u2013 start bieg\u00f3w m\u0142odzie\u017cowych godz. 11.30 &#8211; start biegu na dystansie 10 km godz. 13.15 &#8211; wr\u0119czenie nagr\u00f3d zwyci\u0119zcom bieg\u00f3w godz. 14.00 &#8211; zako\u0144czenie imprezy<\/p>\n","protected":false},"author":1,"featured_media":0,"parent":253,"menu_order":0,"comment_status":"closed","ping_status":"closed","template":"","meta":{"saved_in_kubio":false,"footnotes":""},"class_list":["post-260","page","type-page","status-publish","hentry"],"kubio_ai_page_context":{"short_desc":"","purpose":"general"},"_links":{"self":[{"href":"http:\/\/kbvmax.com\/index.php?rest_route=\/wp\/v2\/pages\/260","targetHints":{"allow":["GET"]}}],"collection":[{"href":"http:\/\/kbvmax.com\/index.php?rest_route=\/wp\/v2\/pages"}],"about":[{"href":"http:\/\/kbvmax.com\/index.php?rest_route=\/wp\/v2\/types\/page"}],"author":[{"embeddable":true,"href":"http:\/\/kbvmax.com\/index.php?rest_route=\/wp\/v2\/users\/1"}],"replies":[{"embeddable":true,"href":"http:\/\/kbvmax.com\/index.php?rest_route=%2Fwp%2Fv2%2Fcomments&post=260"}],"version-history":[{"count":4,"href":"http:\/\/kbvmax.com\/index.php?rest_route=\/wp\/v2\/pages\/260\/revisions"}],"predecessor-version":[{"id":369,"href":"http:\/\/kbvmax.com\/index.php?rest_route=\/wp\/v2\/pages\/260\/revisions\/369"}],"up":[{"embeddable":true,"href":"http:\/\/kbvmax.com\/index.php?rest_route=\/wp\/v2\/pages\/253"}],"wp:attachment":[{"href":"http:\/\/kbvmax.com\/index.php?rest_route=%2Fwp%2Fv2%2Fmedia&parent=260"}],"curies":[{"name":"wp","href":"https:\/\/api.w.org\/{rel}","templated":true}]}}