{"id":258,"date":"2025-02-24T10:07:44","date_gmt":"2025-02-24T09:07:44","guid":{"rendered":"https:\/\/kbvmax.com\/?page_id=258"},"modified":"2025-02-24T10:22:18","modified_gmt":"2025-02-24T09:22:18","slug":"regulamin","status":"publish","type":"page","link":"http:\/\/kbvmax.com\/?page_id=258","title":{"rendered":"Regulamin"},"content":{"rendered":"\n<p><strong>XVI ADAMOWSKA DZIESI\u0104TKA<\/strong><\/p>\n\n\n\n<p><strong>REGULAMIN&nbsp;<\/strong><\/p>\n\n\n\n<p><strong>Adam\u00f3w, 26 pa\u017adziernika 2025&nbsp;r.<\/strong><\/p>\n\n\n\n<ol class=\"wp-block-list\">\n<li><strong>ORGANIZATORZY<\/strong><ol><li>Klub Biegacza V-Max Adam\u00f3w<\/li><\/ol>\n<ol class=\"wp-block-list\">\n<li>Wsp\u00f3\u0142organizator &#8211; Gmina Adam\u00f3w i\u00a0jej jednostki organizacyjne<\/li>\n<\/ol>\n<\/li>\n<\/ol>\n\n\n\n<ul class=\"wp-block-list\">\n<li><strong>CEL<\/strong><\/li>\n\n\n\n<li>Promowanie aktywno\u015bci fizycznej w r\u00f3\u017cnych grupach spo\u0142ecznych i\u00a0\u015brodowiskowych.<\/li>\n\n\n\n<li>Propagowanie zdrowego trybu \u017cycia.<\/li>\n\n\n\n<li>Popularyzacja biegania jako najprostszej formy ruchu.<\/li>\n\n\n\n<li>Integracja zawodnik\u00f3w poprzez rywalizacj\u0119 sportow\u0105.<\/li>\n\n\n\n<li>Promocja Gminy Adam\u00f3w.<\/li>\n<\/ul>\n\n\n\n<ul class=\"wp-block-list\">\n<li><strong>TERMIN I MIEJSCE<\/strong><\/li>\n\n\n\n<li>Biegi odb\u0119d\u0105 si\u0119 26 pa\u017adziernika 2025 r.<\/li>\n\n\n\n<li>Program imprezy:<\/li>\n<\/ul>\n\n\n\n<p>godz. 9.00 &#8211; otwarcie biura zawod\u00f3w<\/p>\n\n\n\n<p>godz. 9.30 \u2013 start bieg\u00f3w m\u0142odzie\u017cowych<\/p>\n\n\n\n<p>godz. 11.30 &#8211; start biegu na dystansie 10 km<\/p>\n\n\n\n<p>godz. 13.15 &#8211; wr\u0119czenie nagr\u00f3d zwyci\u0119zcom bieg\u00f3w<\/p>\n\n\n\n<p>godz. 14.00 &#8211; zako\u0144czenie imprezy<\/p>\n\n\n\n<ul class=\"wp-block-list\">\n<li>Trasy poszczeg\u00f3lnych bieg\u00f3w przebiega\u0107 b\u0119d\u0105 ulicami gminy Adam\u00f3w ze startem i\u00a0met\u0105 przed urz\u0119dem gminy w Adamowie.<\/li>\n\n\n\n<li>Limit czasu dla dystansu 10\u00a0km wynosi 1,5 godz. Powy\u017cej limitu zawodnicy nie b\u0119d\u0105 klasyfikowani.<\/li>\n\n\n\n<li>Zawodnicy, kt\u00f3rzy zrezygnuj\u0105 lub nie uko\u0144cz\u0105 biegu zobowi\u0105zani s\u0105 do opuszczenia trasy i zdj\u0119cia numeru. Zawodnik ponosi pe\u0142n\u0105 odpowiedzialno\u015b\u0107 za w\u0142asne dzia\u0142ania i zachowanie stosownie do przepis\u00f3w ruchu drogowego oraz Kodeksu cywilnego.<\/li>\n\n\n\n<li>Trasa biegu b\u0119dzie posiada\u0107 atest PZLA oraz oznaczenia dystansu co 1 km licz\u0105c od startu do mety.<\/li>\n\n\n\n<li>Na mecie w punkcie medycznym znajdowa\u0107 si\u0119 b\u0119dzie zabezpieczenie medyczne.<\/li>\n<\/ul>\n\n\n\n<ul class=\"wp-block-list\">\n<li><strong>UCZESTNICTWO<\/strong><\/li>\n\n\n\n<li>Impreza ma charakter otwarty i b\u0119dzie prowadzona w duchu fair play.<\/li>\n\n\n\n<li>W biegu g\u0142\u00f3wnym prawo startu maj\u0105 osoby, kt\u00f3re do dnia 26 pa\u017adziernika 2025 r. uko\u0144cz\u0105 16\u00a0lat, niezale\u017cnie od miejsca zamieszkania, przynale\u017cno\u015bci klubowej i\u00a0narodowo\u015bciowej.<\/li>\n\n\n\n<li>Wszyscy zawodnicy startuj\u0105cy w biegu zobowi\u0105zani s\u0105 podda\u0107 si\u0119 weryfikacji w\u00a0Biurze Organizacyjnym w dniu zawod\u00f3w w godz. od 9.00 do 11.00. Podczas weryfikacji zawodnicy pe\u0142noletni musz\u0105 posiada\u0107 dow\u00f3d to\u017csamo\u015bci ze zdj\u0119ciem, a\u00a0niepe\u0142noletni legitymacj\u0119 szkoln\u0105. Warunkiem dopuszczenia do biegu b\u0119dzie przedstawienie przez uczestnika do weryfikacji za\u015bwiadczenia lekarskiego o\u00a0braku przeciwwskaza\u0144 do udzia\u0142u w\u00a0przedmiotowym biegu lub z\u0142o\u017cenie o\u015bwiadczenia o\u00a0zdolno\u015bci do udzia\u0142u w biegu podpisanego w\u0142asnor\u0119cznie \u2013 w\u00a0przypadku os\u00f3b pe\u0142noletnich, natomiast osoby w\u00a0wieku 16-17 lat zobowi\u0105zane s\u0105 do posiadania pozwolenia na udzia\u0142 od rodzic\u00f3w lub opiekun\u00f3w prawnych z\u00a0ich podpisem i\u00a0numerem PESEL.<\/li>\n\n\n\n<li>Decyzje lekarza dotycz\u0105ce dopuszczenia do biegu i jego kontynuowania s\u0105 ostateczne i\u00a0nieodwo\u0142alne.<\/li>\n\n\n\n<li>S\u0119dzia G\u0142\u00f3wny i Dyrektor biegu mog\u0105 nie dopu\u015bci\u0107 zawodnik\u00f3w do biegu lub nie pozwoli\u0107 na jego kontynuowanie ze wzgl\u0119d\u00f3w regulaminowych.<\/li>\n\n\n\n<li>Uczestnicy imprezy bior\u0105 udzia\u0142 w biegu na w\u0142asn\u0105 odpowiedzialno\u015b\u0107<br>i wskazane jest ubezpieczenie si\u0119 na w\u0142asny koszt od nast\u0119pstw nieszcz\u0119\u015bliwych wypadk\u00f3w.<\/li>\n\n\n\n<li>Uczestnicy imprezy s\u0105 zobowi\u0105zani stosowa\u0107 si\u0119 do polece\u0144 i\u00a0sygna\u0142\u00f3w dawanych przez osoby kieruj\u0105ce ruchem.<\/li>\n\n\n\n<li>Ka\u017cdy uczestnik imprezy jest zobowi\u0105zany zachowa\u0107 szczeg\u00f3ln\u0105 ostro\u017cno\u015b\u0107, unika\u0107 wszelkiego dzia\u0142ania, kt\u00f3re mog\u0142oby spowodowa\u0107 zagro\u017cenie bezpiecze\u0144stwa lub porz\u0105dku ruchu drogowego, ruch ten utrudni\u0107 albo w\u00a0zwi\u0105zku z\u00a0ruchem zak\u0142\u00f3ci\u0107 spok\u00f3j lub porz\u0105dek publiczny oraz narazi\u0107 kogokolwiek na szkod\u0119.<\/li>\n\n\n\n<li>Je\u015bli uczestnik imprezy spowoduje jednak zagro\u017cenie bezpiecze\u0144stwa ruchu drogowego, jest zobowi\u0105zany przedsi\u0119wzi\u0105\u0107 niezb\u0119dne \u015brodki w\u00a0celu niezw\u0142ocznego usuni\u0119cia zagro\u017cenia, a gdyby nie m\u00f3g\u0142 tego uczyni\u0107, powinien o\u00a0zagro\u017ceniu uprzedzi\u0107 innych uczestnik\u00f3w i\u00a0s\u0142u\u017cby porz\u0105dkowe.<\/li>\n\n\n\n<li>Ka\u017cdy zawodnik ma obowi\u0105zek zapozna\u0107 si\u0119 z regulaminem biegu i\u00a0jest zobowi\u0105zany do jego przestrzegania.<\/li>\n\n\n\n<li>Pobranie numeru startowego przez zawodnika jest r\u00f3wnoznaczne z akceptacj\u0105 regulaminu biegu.<\/li>\n<\/ul>\n\n\n\n<ul class=\"wp-block-list\">\n<li><strong>ZG\u0141OSZENIA<\/strong><ul><li>Zg\u0142oszenia przyjmowane s\u0105 poprzez formularz zg\u0142oszeniowy dost\u0119pny na stronie www.time2go.pl<\/li><\/ul><ul><li>Zg\u0142oszenia on-line zostan\u0105 zawieszone 23 pa\u017adziernika 2025 roku. B\u0105d\u017a w przypadku wyczerpania limitu miejsc (250 os\u00f3b) Po tym terminie zg\u0142oszenia b\u0119d\u0105 mo\u017cliwe wy\u0142\u0105cznie w biurze zawod\u00f3w w przypadku wyst\u0105pienia wolnych miejsc.<\/li><\/ul><ul><li>Za zg\u0142oszenie uwa\u017ca si\u0119 wype\u0142nienie formularza zg\u0142oszeniowego oraz uiszczenie op\u0142aty startowej w terminie 7 dni od daty zg\u0142oszenia. W przypadku nieuiszczenia op\u0142aty w wyznaczonym terminie zg\u0142oszenie zostanie anulowane.<\/li><\/ul>\n<ul class=\"wp-block-list\">\n<li>Ka\u017cdy uczestnik XVI Adamowskiej Dziesi\u0105tki (bieg na\u00a010 km) ponosi koszty op\u0142aty startowej (wpisowego).<\/li>\n<\/ul>\n<\/li>\n<\/ul>\n\n\n\n<p>&#8211; <strong>Do dnia 31 maja 2025 r. wpisowe wynosi 60 z\u0142<\/strong>.<\/p>\n\n\n\n<p>&#8211; <strong>Do dnia 31 lipca 2025 r. wpisowe wynosi 80 z\u0142<\/strong>.<\/p>\n\n\n\n<p>&#8211; <strong>Do dnia 30 wrze\u015bnia 2025 r. wpisowe wynosi 100 z\u0142<\/strong>.<\/p>\n\n\n\n<p>&#8211; Do dnia 15 pa\u017adziernika 2025 r. wpisowe wynosi 120 z\u0142.<\/p>\n\n\n\n<p>&#8211; Wpisowe p\u0142atne po 15 pa\u017adziernika 2025 r. wynosi 150 z\u0142.<\/p>\n\n\n\n<ul class=\"wp-block-list\">\n<li>Cz\u0142onkom Klubu Biegacza V-Max Adam\u00f3w oraz mieszka\u0144com gminy Adam\u00f3w przys\u0142uguje rabat w wysoko\u015bci 50% wysoko\u015bci wpisowego.<ul><li>W przypadku wniesienia op\u0142aty startowej w niewystarczaj\u0105cej wysoko\u015bci (np. w\u00a0wyniku przekroczenia terminu wp\u0142aty okre\u015blonego w niniejszym regulaminie) zawodnik jest zobowi\u0105zany do dop\u0142acenia r\u00f3\u017cnicy do wysoko\u015bci kwoty, jak\u0105 winien on by\u0142 wnie\u015b\u0107 zgodnie z terminem, w jakim dokonywa\u0142 swojej ostatniej wp\u0142aty.<\/li><\/ul><ul><li>Dowodem wp\u0142yni\u0119cia op\u0142aty jest pojawienie si\u0119 potwierdzenia op\u0142aty przy nazwisku zawodnika na li\u015bcie startowej. Organizator nie odpowiada za zagini\u0119cie zg\u0142oszenia oraz przekazu pocztowego lub przelewu bankowego z winy poczty lub banku.<\/li><\/ul>\n<ul class=\"wp-block-list\">\n<li>Op\u0142ata raz uiszczona nie podlega zwrotowi ani przeniesieniu na innego zawodnika.<\/li>\n<\/ul>\n<\/li>\n<\/ul>\n\n\n\n<ul class=\"wp-block-list\">\n<li><strong>KLASYFIKACJE<\/strong><\/li>\n\n\n\n<li>Klasyfikacja og\u00f3lna kobiet i\u00a0m\u0119\u017cczyzn w\u00a0biegu 10 km.<\/li>\n\n\n\n<li>Kategorie wiekowe kobiet i m\u0119\u017cczyzn w\u00a0biegu na 10 km.<\/li>\n<\/ul>\n\n\n\n<p>Kobiety:<\/p>\n\n\n\n<p>K \u2013 20&nbsp;&nbsp;&nbsp;&nbsp; 16 \u2013 29 lat<\/p>\n\n\n\n<p>K \u2013 30&nbsp;&nbsp;&nbsp;&nbsp; 30 \u2013 39 lat<\/p>\n\n\n\n<p>K \u2013 40&nbsp;&nbsp;&nbsp;&nbsp; 40 \u2013 49 lat<\/p>\n\n\n\n<p>K \u2013 50&nbsp;&nbsp;&nbsp;&nbsp; 50 \u2013 59 lat<\/p>\n\n\n\n<p>K \u2013 60&nbsp;&nbsp;&nbsp;&nbsp; 60 \u2013 69 lat<\/p>\n\n\n\n<p>K \u2013 70&nbsp;&nbsp;&nbsp;&nbsp; 70 i wi\u0119cej lat<\/p>\n\n\n\n<p>M\u0119\u017cczy\u017ani:<\/p>\n\n\n\n<p>M \u2013 20&nbsp;&nbsp;&nbsp;&nbsp; 16 \u2013 29 lat<\/p>\n\n\n\n<p>M \u2013 30&nbsp;&nbsp;&nbsp;&nbsp; 30 \u2013 39 lat<\/p>\n\n\n\n<p>M \u2013 40&nbsp;&nbsp;&nbsp;&nbsp; 40 \u2013 49 lat<\/p>\n\n\n\n<p>M \u2013 50&nbsp;&nbsp;&nbsp;&nbsp; 50 \u2013 59 lat<\/p>\n\n\n\n<p>M \u2013 60&nbsp;&nbsp;&nbsp;&nbsp; 60 \u2013 69 lat<\/p>\n\n\n\n<p>M \u2013 70&nbsp;&nbsp;&nbsp;&nbsp; 70 i wi\u0119cej lat<\/p>\n\n\n\n<ul class=\"wp-block-list\">\n<li>Mistrzostwa Powiatu \u0141ukowskiego kobiet oraz m\u0119\u017cczyzn w\u00a0biegu na 10\u00a0km.<\/li>\n\n\n\n<li>Klasyfikacja ma\u0142\u017ce\u0144stw (liczy si\u0119 suma czas\u00f3w ma\u0142\u017conk\u00f3w).<\/li>\n\n\n\n<li>Klasyfikacja dru\u017cynowa.<\/li>\n<\/ul>\n\n\n\n<p>Zesp\u00f3\u0142 tworzy przynajmniej 4 zawodnik\u00f3w (w tym co najmniej jedna kobieta), musi on posiada\u0107 w\u0142asn\u0105 jednobrzmi\u0105c\u0105 nazw\u0119 klubu wpisan\u0105 podczas rejestracji na zawody.<\/p>\n\n\n\n<ul class=\"wp-block-list\">\n<li>O przynale\u017cno\u015bci do poszczeg\u00f3lnych kategorii decyduje rocznik urodzenia.<\/li>\n\n\n\n<li>Ka\u017cdy zawodnik powinien posiada\u0107 dokument potwierdzaj\u0105cy przynale\u017cno\u015b\u0107 do danej kategorii.<\/li>\n<\/ul>\n\n\n\n<ul class=\"wp-block-list\">\n<li><strong>NAGRODY<\/strong><\/li>\n\n\n\n<li>W klasyfikacji og\u00f3lnej kobiet i\u00a0m\u0119\u017cczyzn za miejsca 1-3 puchary i\u00a0nagrody rzeczowe lub finansowe.<\/li>\n\n\n\n<li>W kategoriach wiekowych za miejsca 1-3 puchary i\u00a0nagrody rzeczowe lub finansowe.<\/li>\n\n\n\n<li>W kategorii Mistrzostwa Powiatu \u0141ukowskiego za miejsca 1-3 puchary i\u00a0nagrody rzeczowe.<\/li>\n\n\n\n<li>W kategorii dru\u017cynowej za miejsca 1-3 puchary.<\/li>\n\n\n\n<li>W klasyfikacji ma\u0142\u017ce\u0144stw puchary i upominki od sponsor\u00f3w<\/li>\n\n\n\n<li>Nagrody w klasyfikacji og\u00f3lnej nie dubluj\u0105 si\u0119 z nagrodami w kategoriach wiekowych.<\/li>\n\n\n\n<li>Pozosta\u0142e nagrody mog\u0105 si\u0119 dublowa\u0107.<\/li>\n\n\n\n<li>Ka\u017cdy uczestnik, kt\u00f3ry uko\u0144czy bieg zgodnie z regulaminem bierze udzia\u0142 w\u00a0losowaniu nagr\u00f3d. (Aby otrzyma\u0107 nagrod\u0119 nale\u017cy mie\u0107 numer startowy oraz zg\u0142osi\u0107 si\u0119 w ci\u0105gu 1 minuty od wylosowania, w przeciwnym wypadku zostanie wylosowany inny numer startowy).<\/li>\n\n\n\n<li>Dla wszystkich uczestnik\u00f3w okoliczno\u015bciowe medale na mecie.<\/li>\n<\/ul>\n\n\n\n<ul class=\"wp-block-list\">\n<li><strong>\u00a0\u00a0\u00a0ZASADY FINANSOWANIA<\/strong><\/li>\n\n\n\n<li>Koszty zwi\u0105zane z przeprowadzeniem imprezy pokrywaj\u0105 organizatorzy.<\/li>\n\n\n\n<li>Zawodnicy przyje\u017cd\u017caj\u0105 na koszt w\u0142asny lub jednostki deleguj\u0105cej.<\/li>\n<\/ul>\n\n\n\n<ul class=\"wp-block-list\">\n<li><strong>POSTANOWIENIA KO\u0143COWE<\/strong><\/li>\n\n\n\n<li>Bieg pod nazw\u0105 \u201eXVI Adamowska Dziesi\u0105tka\u201d odb\u0119dzie si\u0119 bez wzgl\u0119du na warunki atmosferyczne.<\/li>\n\n\n\n<li>W trosce o bezpiecze\u0144stwo mieszka\u0144c\u00f3w Adamowa oraz uczestnik\u00f3w biegu, Komenda Policji i organizatorzy przypominaj\u0105 o konieczno\u015bci zachowania szczeg\u00f3lnej ostro\u017cno\u015bci w\u00a0dniu biegu oraz poruszaniu si\u0119 zgodnie z przepisami.<\/li>\n\n\n\n<li>Uczestnicy biegu maj\u0105 obowi\u0105zek stosowania si\u0119 do polece\u0144 funkcjonariuszy Policji oraz os\u00f3b i s\u0142u\u017cb porz\u0105dkowych Organizatora zabezpieczaj\u0105cych tras\u0119 biegu.<\/li>\n\n\n\n<li>Podczas biegu zawodnicy musz\u0105 posiada\u0107 numery startowe przypi\u0119te do koszulki z\u00a0przodu na klatce piersiowej.<\/li>\n\n\n\n<li>Wszelkie pr\u00f3by \u0142amania zdrowej rywalizacji b\u0119d\u0105 prowadzi\u0142y do bezzw\u0142ocznej dyskwalifikacji.<\/li>\n\n\n\n<li>Uczestnik\u00f3w biegu obowi\u0105zuje estetyczny ubi\u00f3r.<\/li>\n\n\n\n<li>Pomiar czasu b\u0119dzie dokonywany elektronicznie.<\/li>\n\n\n\n<li>Pisemne protesty przyjmuje Biuro Organizacyjne w terminie do 15 minut po zako\u0144czeniu biegu. Protesty b\u0119d\u0105 rozpatrywane w czasie do 15 minut od ich zg\u0142oszenia.<\/li>\n\n\n\n<li>Wszelkie kwestie sporne dotycz\u0105ce biegu rozstrzyga S\u0119dzia G\u0142\u00f3wny, jego decyzje s\u0105 ostateczne i niepodwa\u017calne.<\/li>\n\n\n\n<li>Wszyscy uczestnicy bior\u0105 udzia\u0142 w biegu na w\u0142asn\u0105 odpowiedzialno\u015b\u0107 i nie mog\u0105 wnosi\u0107 \u017cadnych roszcze\u0144 w stosunku do organizator\u00f3w w razie zaistnienia zdarze\u0144 losowych podczas trwania imprezy.<\/li>\n\n\n\n<li>Organizator, zastrzega sobie prawo do nieodp\u0142atnego wykorzystania danych osobowych oraz zdj\u0119\u0107 w celu opublikowania lub przedstawienia imion, nazwisk dzieci na stronach internetowych organizatora.<\/li>\n\n\n\n<li>Uczestnik zgadza si\u0119 na mo\u017cliwo\u015b\u0107 zmian, modyfikacji i skr\u00f3t\u00f3w zwi\u0105zanych z\u00a0u\u017cyciem imienia, wizerunku, podobizny czy g\u0142osu. Uczestnik o\u015bwiadcza, \u017ce Organizator nie jest i nie b\u0119dzie zobligowany do uiszczenia jakichkolwiek op\u0142at zwi\u0105zanych z dzia\u0142aniami opisanymi w niniejszym punkcie, udzielaj\u0105c tym samym nieograniczonej licencji na u\u017cywanie wypowiedzi, informacji, bez powiadomienia w\u00a0celu reklamy i promocji XVI Adamowskiej Dziesi\u0105tki.<\/li>\n\n\n\n<li>Organizator informuje, \u017ce nie sprzedaje i nie udost\u0119pnia osobom i podmiotom trzecim danych osobowych podawanych podczas procesu rejestracji.<\/li>\n\n\n\n<li>Ze wzgl\u0119d\u00f3w bezpiecze\u0144stwa bieg\u00f3w zabroniony jest udzia\u0142 os\u00f3b poruszaj\u0105cych si\u0119 na rowerach, wrotkach, rolkach, deskorolkach itp. oraz biegn\u0105cych ze zwierz\u0119tami. Zabrania si\u0119 wnoszenia na tras\u0119 bieg\u00f3w przedmiot\u00f3w, kt\u00f3re mog\u0105 by\u0107 niebezpieczne dla innych uczestnik\u00f3w.<\/li>\n\n\n\n<li>Uczestnik zobowi\u0105zany jest do przestrzegania wszelkich zasad i przepis\u00f3w, kt\u00f3re maj\u0105 zastosowanie do uczestnictwa w Biegu, w szczeg\u00f3lno\u015bci zasad fair play.<\/li>\n\n\n\n<li>Organizator zapewnia opiek\u0119 medyczn\u0105 na trasie i mecie biegu.<\/li>\n\n\n\n<li>Organizator nie zapewnia Uczestnikom zawod\u00f3w grupowego ubezpieczenia NNW.<\/li>\n\n\n\n<li>Za rzeczy pozostawione lub zagubione organizator nie ponosi odpowiedzialno\u015bci.<\/li>\n\n\n\n<li>Organizator zastrzega sobie mo\u017cliwo\u015b\u0107 zmian w regulaminie do 7 dni przed imprez\u0105. Wi\u0105\u017c\u0105ca i ostateczna interpretacja Regulaminu nale\u017cy do organizatora.<\/li>\n<\/ul>\n\n\n\n<p><\/p>\n\n\n\n<ol class=\"wp-block-list\">\n<li><strong>\u00a0IMPREZY TOWARZYSZ\u0104CE<\/strong>\n<ol class=\"wp-block-list\">\n<li>Biegi m\u0142odzie\u017cowe<\/li>\n<\/ol>\n<\/li>\n<\/ol>\n\n\n\n<p>&nbsp;&nbsp;&nbsp;&nbsp;&nbsp;&nbsp;&nbsp;&nbsp;&nbsp;&nbsp;&nbsp;&nbsp;&nbsp;&nbsp; <strong>REGULAMIN<\/strong><\/p>\n\n\n\n<p><strong>BIEGI M\u0141ODZIE\u017bOWE<\/strong><\/p>\n\n\n\n<p><strong>Adam\u00f3w, 26 pa\u017adziernika 2025&nbsp;r.<\/strong><\/p>\n\n\n\n<ol class=\"wp-block-list\">\n<li><strong>ORGANIZATORZY<\/strong><\/li>\n<\/ol>\n\n\n\n<p>Klub Biegacza V-Max Adam\u00f3w, Gmina Adam\u00f3w i&nbsp;jej jednostki organizacyjne.<\/p>\n\n\n\n<ul class=\"wp-block-list\">\n<li><strong>CEL:<\/strong><\/li>\n<\/ul>\n\n\n\n<p>\u2212 Popularyzacja biegania jako najprostszej formy ruchu.<\/p>\n\n\n\n<p>\u2212 Promowanie aktywno\u015bci fizycznej w r\u00f3\u017cnych grupach spo\u0142ecznych i&nbsp;\u015brodowiskowych.<\/p>\n\n\n\n<p>\u2212 Promowanie zdrowego stylu \u017cycia oraz integracja pokole\u0144 mieszka\u0144c\u00f3w.<\/p>\n\n\n\n<ul class=\"wp-block-list\">\n<li><strong>TERMIN I MIEJSCE BIEGU<\/strong><\/li>\n<\/ul>\n\n\n\n<p>\u2212 26 pa\u017adziernika 2025 r. Adam\u00f3w, ul. Kleeberga.<\/p>\n\n\n\n<p>\u2212 Biegi b\u0119d\u0105 rozgrywane w klasyfikacji dziewcz\u0105t i ch\u0142opc\u00f3w w&nbsp;kategoriach wiekowych wg programu:<\/p>\n\n\n\n<p>9.00 \u2013 otwarcie biura zawod\u00f3w<\/p>\n\n\n\n<p>9.30 \u2013 start bieg\u00f3w m\u0142odzie\u017cowych w nast\u0119puj\u0105cych kategoriach<\/p>\n\n\n\n<p>1. dziewczynki przedszkole \u2013 200 m<\/p>\n\n\n\n<p>2. ch\u0142opcy przedszkole \u2013 200 m<\/p>\n\n\n\n<p>3. dziewcz\u0119ta i ch\u0142opcy kl. I-II \u2013 300m,<\/p>\n\n\n\n<p>4. dziewcz\u0119ta i ch\u0142opcy kl. III-IV \u2013 400m<\/p>\n\n\n\n<p>5. dziewcz\u0119ta i ch\u0142opcy kl. V-VI ,\u2013 600m<\/p>\n\n\n\n<p>6. kl. VII-VIII dziewcz\u0119ta \u2013 800 m, ch\u0142opcy \u2013 1000 m<\/p>\n\n\n\n<p>7. szko\u0142y ponadpodstawowe,\u2013 1000 m,<\/p>\n\n\n\n<p>11.15 \u2013 dekoracja zwyci\u0119zc\u00f3w<\/p>\n\n\n\n<ul class=\"wp-block-list\">\n<li><strong>WARUNKI UCZESTNICTWA<\/strong><\/li>\n<\/ul>\n\n\n\n<p>\u2212 W momencie weryfikacji &#8211; przyporz\u0105dkowania numeru startowego oraz podczas biegu i po, obecno\u015b\u0107 rodzica lub prawnego opiekuna jest obowi\u0105zkowa.<\/p>\n\n\n\n<p>\u2212 Rodzice lub opiekunowie bior\u0105 pe\u0142n\u0105 odpowiedzialno\u015b\u0107 za dziecko przed, w trakcie i po biegu.<\/p>\n\n\n\n<p>\u2212 Opiekun prawny dziecka o\u015bwiadcza, \u017ce zapozna\u0142 si\u0119 z regulaminem biegu.<\/p>\n\n\n\n<p>\u2212 Zg\u0142aszaj\u0105cy do biegu opiekunowie prawni o\u015bwiadczaj\u0105, \u017ce start dzieci jest na ich wy\u0142\u0105czn\u0105 odpowiedzialno\u015b\u0107 i \u017ce nie ma przeciwwskaza\u0144 zdrowotnych do wzi\u0119cia udzia\u0142u w biegu.<\/p>\n\n\n\n<p>\u2212 Wszyscy zawodnicy startuj\u0105cy w biegu musz\u0105 zosta\u0107 zweryfikowani w biurze zawod\u00f3w, co stanowi warunek dopuszczenia zawodnika do udzia\u0142u w biegu.<\/p>\n\n\n\n<ul class=\"wp-block-list\">\n<li><strong>ZG\u0141OSZENIA<\/strong><\/li>\n<\/ul>\n\n\n\n<p>\u2212 Zg\u0142oszenia przyjmowane s\u0105 poprzez formularz zg\u0142oszeniowy dost\u0119pny na stronie <a href=\"http:\/\/www.time2go.pl\">www.time2go.pl<\/a><\/p>\n\n\n\n<p>\u2212 M\u0142odzie\u017c szkolna jest zg\u0142aszana przez nauczycieli i zgodnie z obowi\u0105zuj\u0105cymi przepisami o\u015bwiatowymi przebywa na imprezie w grupach zorganizowanych z&nbsp;opiekunami \u2013 nauczycielami, kt\u00f3rzy odpowiadaj\u0105 za te grupy.<\/p>\n\n\n\n<p>\u2212 Zawodnicy indywidualni mog\u0105 by\u0107 zg\u0142oszeni przez rodzica b\u0105d\u017a opiekuna.<\/p>\n\n\n\n<p>\u2212 Biuro zawod\u00f3w b\u0119dzie mie\u015bci\u0142o si\u0119 w Gminnej Bibliotece Publicznej w Adamowie i oznaczone b\u0119dzie specjalnymi znakami. Czynne b\u0119dzie: 26 pa\u017adziernika 2025 r. od godz. 9.00.<\/p>\n\n\n\n<ul class=\"wp-block-list\">\n<li><strong>KLASYFIKACJE I NAGRODY<\/strong><\/li>\n<\/ul>\n\n\n\n<p>Po uko\u0144czeniu biegu ka\u017cdy z uczestnik\u00f3w otrzyma pami\u0105tkowy medal. W biegu prowadzona jest klasyfikacja dla ch\u0142opc\u00f3w i dziewcz\u0105t. W ka\u017cdym biegu nagradzane b\u0119d\u0105 trzy pierwsze miejsca (puchar, upominki od sponsor\u00f3w).<\/p>\n\n\n\n<ul class=\"wp-block-list\">\n<li><strong>POSTANOWIENIA KO<\/strong><strong>\u0143COWE<\/strong><\/li>\n<\/ul>\n\n\n\n<p>\u2212 Biegi odb\u0119d\u0105 si\u0119 bez wzgl\u0119du na pogod\u0119.<\/p>\n\n\n\n<p>\u2212 W trosce o bezpiecze\u0144stwo mieszka\u0144c\u00f3w Adamowa oraz uczestnik\u00f3w Biegu, Komenda Policji i organizatorzy przypominaj\u0105 o konieczno\u015bci zachowania szczeg\u00f3lnej ostro\u017cno\u015bci w&nbsp;dniu biegu oraz poruszaniu si\u0119 zgodnie z przepisami.<\/p>\n\n\n\n<p>\u2212 Uczestnicy biegu maj\u0105 obowi\u0105zek stosowania si\u0119 do polece\u0144 funkcjonariuszy Policji oraz os\u00f3b i s\u0142u\u017cb porz\u0105dkowych Organizatora zabezpieczaj\u0105cych tras\u0119 biegu.<\/p>\n\n\n\n<p>\u2212 Organizator, zastrzega sobie prawo do nieodp\u0142atnego wykorzystania danych osobowych, oraz zdj\u0119\u0107 w celu opublikowania lub przedstawienia imion, nazwisk dzieci na stronach internetowych organizatora.<\/p>\n\n\n\n<p>\u2212 Uczestnik zgadza si\u0119 na mo\u017cliwo\u015b\u0107 zmian, modyfikacji i skr\u00f3t\u00f3w zwi\u0105zanych z&nbsp;u\u017cyciem imienia, wizerunku, podobizny czy g\u0142osu. Uczestnik o\u015bwiadcza, \u017ce Organizator nie jest i nie b\u0119dzie zobligowany do uiszczenia jakichkolwiek op\u0142at zwi\u0105zanych z dzia\u0142aniami opisanymi w niniejszym punkcie, udzielaj\u0105c tym samym nieograniczonej licencji na u\u017cywanie wypowiedzi, informacji, bez powiadomienia w&nbsp;celu reklamy i promocji w\/w zawod\u00f3w.<\/p>\n\n\n\n<p>\u2212 Organizator informuje, \u017ce nie sprzedaje i nie udost\u0119pnia osobom i podmiotom trzecim danych osobowych podawanych podczas procesu rejestracji.<\/p>\n\n\n\n<p>\u2212 Ze wzgl\u0119d\u00f3w bezpiecze\u0144stwa bieg\u00f3w zabroniony jest udzia\u0142 os\u00f3b poruszaj\u0105cych si\u0119 na rowerach, wrotkach, rolkach, deskorolkach itp. oraz biegn\u0105cych ze zwierz\u0119tami. Zabrania si\u0119 wnoszenia na tras\u0119 bieg\u00f3w przedmiot\u00f3w, kt\u00f3re mog\u0105 by\u0107 niebezpieczne dla innych uczestnik\u00f3w. Uczestnicy Biegu Skrzata mog\u0105 biec w asy\u015bcie rodzica lub opiekuna.<\/p>\n\n\n\n<p>\u2212 Uczestnik zobowi\u0105zany jest do przestrzegania wszelkich zasad i przepis\u00f3w, kt\u00f3re maj\u0105 zastosowanie do uczestnictwa w Biegu, w szczeg\u00f3lno\u015bci zasad fair play. Wszelkie pr\u00f3by \u0142amania zdrowej rywalizacji b\u0119d\u0105 prowadzi\u0142y do bezzw\u0142ocznej dyskwalifikacji.<\/p>\n\n\n\n<p>\u2212 Organizator zapewnia opiek\u0119 medyczn\u0105 na trasie i mecie biegu.<\/p>\n\n\n\n<p>\u2212 Organizator nie zapewnia Uczestnikom zawod\u00f3w grupowego ubezpieczenia NNW.<\/p>\n\n\n\n<p>\u2212 W sprawach nieuj\u0119tych Regulaminem rozstrzyga Organizator.<\/p>\n\n\n\n<p>\u2212 Za rzeczy pozostawione lub zagubione organizator nie ponosi odpowiedzialno\u015bci.<\/p>\n\n\n\n<p>\u2212 Opiekun prawny dziecka o\u015bwiadcza, \u017ce wiadomym jest dla niego, i\u017c organizator, wsp\u00f3\u0142organizatorzy i osoby z nimi wsp\u00f3\u0142pracuj\u0105ce, a tak\u017ce osoby zwi\u0105zane z&nbsp;przeprowadzeniem i organizacj\u0105 imprezy nie ponosz\u0105 odpowiedzialno\u015bci wzgl\u0119dem uczestnik\u00f3w za szkody osobowe, zdrowotne, rzeczowe i maj\u0105tkowe kt\u00f3re wyst\u0105pi\u0142y przed, w&nbsp;trakcie i po zawodach.<\/p>\n\n\n\n<p>\u2212 Opiekun prawny o\u015bwiadcza ze dziecko startuje na jego w\u0142asn\u0105 odpowiedzialno\u015b\u0107 i ryzyko.<\/p>\n\n\n\n<p>\u2212 Opiekun prawny dziecka o\u015bwiadcza ze ponosi odpowiedzialno\u015b\u0107 cywiln\u0105 i prawn\u0105 za wszystkie wyrz\u0105dzone przez dziecko szkody innym uczestnikom zawod\u00f3w i&nbsp;osobom trzecim.<\/p>\n\n\n\n<p>\u2212 Opiekun prawny dziecka o\u015bwiadcza ze wyrzeka si\u0119 prawa do dochodzenia prawnego lub zwrotnego od organizatora i wsp\u00f3\u0142organizator\u00f3w w razie rozstroj\u00f3w lub uszkodze\u0144 cia\u0142a powsta\u0142ych w zwi\u0105zku z rozgrywanymi zawodami.<\/p>\n\n\n\n<p>\u2212 Opiekun prawny dziecka o\u015bwiadcza, i\u017c przyjmuje do wiadomo\u015bci, \u017ce nale\u017cy przestrzega\u0107 zarz\u0105dze\u0144 s\u0142u\u017cb porz\u0105dkowych i warunk\u00f3w regulaminu.<\/p>\n\n\n\n<p>\u2212 Opiekun prawny o\u015bwiadcza ze stan zdrowia dziecka pozwala mu na w pe\u0142ni bezpieczne uczestnictwo w zawodach sportowych.<\/p>\n\n\n\n<p>\u2212 Opiekun prawny dziecka swoim podpisem z\u0142o\u017conym na o\u015bwiadczeniu zapewnia, \u017ce zapozna\u0142 si\u0119 ze wszystkimi warunkami regulaminu imprezy, akceptuje je oraz wype\u0142ni\u0142 formularz zg\u0142oszeniowy zgodnie z prawd\u0105 oraz kompletnie.<\/p>\n\n\n\n<p>\u2212 Organizator zastrzega sobie mo\u017cliwo\u015b\u0107 zmian w regulaminie do 7 dni przed imprez\u0105. Wi\u0105\u017c\u0105ca i ostateczna interpretacja Regulaminu nale\u017cy do orga<\/p>\n","protected":false},"excerpt":{"rendered":"<p>XVI ADAMOWSKA DZIESI\u0104TKA REGULAMIN&nbsp; Adam\u00f3w, 26 pa\u017adziernika 2025&nbsp;r. godz. 9.00 &#8211; otwarcie biura zawod\u00f3w godz. 9.30 \u2013 start bieg\u00f3w m\u0142odzie\u017cowych godz. 11.30 &#8211; start biegu na dystansie 10 km godz. 13.15 &#8211; wr\u0119czenie nagr\u00f3d zwyci\u0119zcom bieg\u00f3w godz. 14.00 &#8211; zako\u0144czenie imprezy &#8211; Do dnia 31 maja 2025 r. wpisowe wynosi 60 z\u0142. &#8211; Do dnia [&hellip;]<\/p>\n","protected":false},"author":1,"featured_media":0,"parent":253,"menu_order":0,"comment_status":"closed","ping_status":"closed","template":"","meta":{"saved_in_kubio":false,"footnotes":""},"class_list":["post-258","page","type-page","status-publish","hentry"],"kubio_ai_page_context":{"short_desc":"","purpose":"general"},"_links":{"self":[{"href":"http:\/\/kbvmax.com\/index.php?rest_route=\/wp\/v2\/pages\/258","targetHints":{"allow":["GET"]}}],"collection":[{"href":"http:\/\/kbvmax.com\/index.php?rest_route=\/wp\/v2\/pages"}],"about":[{"href":"http:\/\/kbvmax.com\/index.php?rest_route=\/wp\/v2\/types\/page"}],"author":[{"embeddable":true,"href":"http:\/\/kbvmax.com\/index.php?rest_route=\/wp\/v2\/users\/1"}],"replies":[{"embeddable":true,"href":"http:\/\/kbvmax.com\/index.php?rest_route=%2Fwp%2Fv2%2Fcomments&post=258"}],"version-history":[{"count":2,"href":"http:\/\/kbvmax.com\/index.php?rest_route=\/wp\/v2\/pages\/258\/revisions"}],"predecessor-version":[{"id":272,"href":"http:\/\/kbvmax.com\/index.php?rest_route=\/wp\/v2\/pages\/258\/revisions\/272"}],"up":[{"embeddable":true,"href":"http:\/\/kbvmax.com\/index.php?rest_route=\/wp\/v2\/pages\/253"}],"wp:attachment":[{"href":"http:\/\/kbvmax.com\/index.php?rest_route=%2Fwp%2Fv2%2Fmedia&parent=258"}],"curies":[{"name":"wp","href":"https:\/\/api.w.org\/{rel}","templated":true}]}}