{"id":161,"date":"2025-02-12T08:14:46","date_gmt":"2025-02-12T07:14:46","guid":{"rendered":"http:\/\/kbvmax.com\/?page_id=161"},"modified":"2025-02-19T09:58:13","modified_gmt":"2025-02-19T08:58:13","slug":"oplaty","status":"publish","type":"page","link":"http:\/\/kbvmax.com\/?page_id=161","title":{"rendered":"Op\u0142aty"},"content":{"rendered":"\n<p>1. W zawodach KA\u0141USZYN TRIATHLON CUP obowi\u0105zuj\u0105 op\u0142aty startowe w wysoko\u015bci.<\/p>\n\n\n\n<p>Start Indywidualny:<\/p>\n\n\n\n<figure class=\"wp-block-table\"><table class=\"has-kubio-color-6-color has-text-color has-link-color has-fixed-layout\"><tbody><tr><td><a><strong>Termin<\/strong><\/a><\/td><td><strong>1\/4 IM<\/strong><\/td><td><strong>1\/8 IM<\/strong><\/td><\/tr><tr><td><a>do 15.02.2025 r.<\/a><\/td><td>160 z\u0142<\/td><td>140 z\u0142<\/td><\/tr><tr><td>do 15.04.2025 r.<\/td><td>180 z\u0142<\/td><td>160 z\u0142<\/td><\/tr><tr><td>do 15.06.2025 r.<\/td><td>210 z\u0142<\/td><td>190 z\u0142<\/td><\/tr><tr><td>do 04.08.2025 r.<\/td><td>240 z\u0142<\/td><td>210 z\u0142<\/td><\/tr><tr><td>po 04.08.2025 r. wy\u0142\u0105cznie w Biurze Zawod\u00f3w<\/td><td>270 z\u0142<\/td><td>240 z\u0142<\/td><\/tr><\/tbody><\/table><\/figure>\n\n\n\n<p>Sztafety:<\/p>\n\n\n\n<figure class=\"wp-block-table\"><table class=\"has-fixed-layout\"><tbody><tr><td><strong>Termin<\/strong><\/td><td><strong>1\/4 IM<\/strong><\/td><td><strong>1\/8 IM<\/strong><\/td><\/tr><tr><td>do 15.02.2025 r.<\/td><td>190 z\u0142<\/td><td>160 z\u0142<\/td><\/tr><tr><td>do 15.04.2025 r.<\/td><td>210 z\u0142<\/td><td>180 z\u0142<\/td><\/tr><tr><td>do 15.06.2025 r.<\/td><td>230 z\u0142<\/td><td>200 z\u0142<\/td><\/tr><tr><td>do 04.08.2025 r.<\/td><td>250 z\u0142<\/td><td>220 z\u0142<\/td><\/tr><tr><td>po 04.08.2025 r. wy\u0142\u0105cznie w Biurze Zawod\u00f3w<\/td><td>280 z\u0142<\/td><td>250 z\u0142<\/td><\/tr><\/tbody><\/table><\/figure>\n\n\n\n<p>2. Termin wp\u0142aty rozumiany jest jako data zaksi\u0119gowania przelewu na koncie organizatora.<\/p>\n\n\n\n<p>3. Na wszystkich dystansach aquathlonu obowi\u0105zuje wpisowe w wysoko\u015bci 10 z\u0142.<\/p>\n\n\n\n<p>3. Podczas rejestracji nale\u017cy dokona\u0107 p\u0142atno\u015bci online przez system PayU.<\/p>\n\n\n\n<p>4. W przypadku zg\u0142osze\u0144 po 25 lipca 2025 r. organizator nie gwarantuje zawodnikowi\/zawodniczce otrzymania pe\u0142nego pakietu startowego.<\/p>\n\n\n\n<p>5. W przypadku odwo\u0142ania imprezy z winy le\u017c\u0105cej po stronie organizatora op\u0142ata startowa zostanie zwr\u00f3cona w ca\u0142o\u015bci na konto lub kart\u0119 kredytow\u0105, z kt\u00f3rego zosta\u0142a dokonana p\u0142atno\u015b\u0107.<\/p>\n","protected":false},"excerpt":{"rendered":"<p>1. W zawodach KA\u0141USZYN TRIATHLON CUP obowi\u0105zuj\u0105 op\u0142aty startowe w wysoko\u015bci. Start Indywidualny: Termin 1\/4 IM 1\/8 IM do 15.02.2025 r. 160 z\u0142 140 z\u0142 do 15.04.2025 r. 180 z\u0142 160 z\u0142 do 15.06.2025 r. 210 z\u0142 190 z\u0142 do 04.08.2025 r. 240 z\u0142 210 z\u0142 po 04.08.2025 r. wy\u0142\u0105cznie w Biurze Zawod\u00f3w 270 z\u0142 [&hellip;]<\/p>\n","protected":false},"author":1,"featured_media":0,"parent":153,"menu_order":0,"comment_status":"closed","ping_status":"closed","template":"","meta":{"saved_in_kubio":false,"footnotes":""},"class_list":["post-161","page","type-page","status-publish","hentry"],"kubio_ai_page_context":{"short_desc":"","purpose":"general"},"_links":{"self":[{"href":"http:\/\/kbvmax.com\/index.php?rest_route=\/wp\/v2\/pages\/161","targetHints":{"allow":["GET"]}}],"collection":[{"href":"http:\/\/kbvmax.com\/index.php?rest_route=\/wp\/v2\/pages"}],"about":[{"href":"http:\/\/kbvmax.com\/index.php?rest_route=\/wp\/v2\/types\/page"}],"author":[{"embeddable":true,"href":"http:\/\/kbvmax.com\/index.php?rest_route=\/wp\/v2\/users\/1"}],"replies":[{"embeddable":true,"href":"http:\/\/kbvmax.com\/index.php?rest_route=%2Fwp%2Fv2%2Fcomments&post=161"}],"version-history":[{"count":3,"href":"http:\/\/kbvmax.com\/index.php?rest_route=\/wp\/v2\/pages\/161\/revisions"}],"predecessor-version":[{"id":231,"href":"http:\/\/kbvmax.com\/index.php?rest_route=\/wp\/v2\/pages\/161\/revisions\/231"}],"up":[{"embeddable":true,"href":"http:\/\/kbvmax.com\/index.php?rest_route=\/wp\/v2\/pages\/153"}],"wp:attachment":[{"href":"http:\/\/kbvmax.com\/index.php?rest_route=%2Fwp%2Fv2%2Fmedia&parent=161"}],"curies":[{"name":"wp","href":"https:\/\/api.w.org\/{rel}","templated":true}]}}