{"id":159,"date":"2025-02-12T08:13:45","date_gmt":"2025-02-12T07:13:45","guid":{"rendered":"http:\/\/kbvmax.com\/?page_id=159"},"modified":"2025-02-19T09:56:02","modified_gmt":"2025-02-19T08:56:02","slug":"trasa","status":"publish","type":"page","link":"http:\/\/kbvmax.com\/?page_id=159","title":{"rendered":"Trasa"},"content":{"rendered":"\n<p>1. Impreza zostanie przeprowadzona na dystansach:<\/p>\n\n\n\n<p><strong>A &#8211; 1\/4 Ironman (0,95-45-10,50), limit czasu 4:30;<\/strong><\/p>\n\n\n\n<p class=\"has-kubio-color-6-color has-text-color has-link-color wp-elements-5c546457c333e8023ba110f8a4913dde\">&#8211; <a>P\u0142ywanie zostanie rozegrane na 1 p\u0119tli (950 m), limit czasu uko\u0144czenia p\u0142ywania 0:40<\/a>;<\/p>\n\n\n\n<p>&#8211; Rower na dystansie 45 km (2 p\u0119tle), uko\u0144czenia etapu rowerowego 2:00;<\/p>\n\n\n\n<p>&#8211; Bieg na dystansie 10,50 km,<\/p>\n\n\n\n<p><strong>B &#8211; 1\/8 Ironman (0,475-22,5-5,25), limit czasu 2:30.<\/strong><\/p>\n\n\n\n<p>&nbsp;&#8211; P\u0142ywanie 1\/8 IM na po\u0142owie p\u0119tli (475 m), limit czasu uko\u0144czenia p\u0142ywania 0:20;<\/p>\n\n\n\n<p>&nbsp;&#8211; Rower na dystansie 22,5 km (1 p\u0119tla), uko\u0144czenia etapu rowerowego 1:15;<\/p>\n\n\n\n<p>&nbsp;&#8211; Bieg na dystansie 5,25 km,<\/p>\n\n\n\n<p><strong>C. Sztafety na dystansie: 1\/4, 1\/8 (p\u0142ywak + kolarz + biegacz).<\/strong><\/p>\n\n\n\n<p><strong>D. Aquathlon w 4 kategoriach<\/strong><\/p>\n\n\n\n<p>m\u0142odzik &#8211; 13-14 lat dystans : 0,2 km p\u0142ywania &#8211; 1,5 km biegu<\/p>\n\n\n\n<p>\u017cak: 11-12 lat dystans : 0,2 km p\u0142ywania &#8211; 1,0 km biegu<\/p>\n\n\n\n<p>dzieci 9-10 lat dystans : 0,1 km p\u0142ywania &#8211; 0,5 km biegu<\/p>\n\n\n\n<p>dzieci 7-8 lat dystans : 0,1 km p\u0142ywania &#8211; 0,5 km biegu<\/p>\n\n\n\n<p>2. Trasa p\u0142ywacka &#8211; Zalew Karczunek w Ka\u0142uszynie, g\u0142\u0119boko\u015b\u0107 zbiornika do 2,5 m. Start z brzegu w formule rolling start (4 osoby co 5 sekund).<a> Ostateczna decyzja o mo\u017cliwo\u015bci startu w piankach zostanie podana godzin\u0119 przed startem przez s\u0119dziego g\u0142\u00f3wnego zgodnie z przepisami PZTri.<\/a><\/p>\n\n\n\n<p>3. Trasa rowerowa lekko pofa\u0142dowana poprowadzona \u015bwietnej jako\u015bci asfaltem. Pomiar trasy GPS. Kask sztywny obowi\u0105zkowy na ca\u0142ej trasie kolarskiej do momentu odwieszenia roweru. Ruch drogowy b\u0119dzie ca\u0142kowicie zamkni\u0119ty. Zawody w konwencji bez draftingu! Dozwolone rowery do jazdy na czas i kierownice triathlonowe. Na trasie rowerowej zawodnicy s\u0105 zobowi\u0105zani do poruszania si\u0119 praw\u0105 stron\u0105 jezdni oraz do bezwzgl\u0119dnego przestrzegania przepis\u00f3w ruchu drogowego. Obowi\u0105zuje zakaz u\u017cywania s\u0142uchawek do odbioru sygna\u0142\u00f3w pod gro\u017ab\u0105 dyskwalifikacji.<\/p>\n\n\n\n<p>4. Trasa biegowa poprowadzona utwardzona kostk\u0105 brukow\u0105, oraz drog\u0105 asfaltow\u0105. Pomiar trasy GPS. Na trasie biegowej numer startowy musi by\u0107 umieszczony z przodu pod gro\u017ab\u0105 dyskwalifikacji.<\/p>\n\n\n\n<p>5. Wyrzucanie \u015bmieci poza wyznaczone przez organizatora strefy zrzutu karane b\u0119dzie kar\u0105 czasow\u0105.<\/p>\n\n\n\n<p>6. Kara czasowa doliczana b\u0119dzie do ko\u0144cowego czasu zawodnika.<\/p>\n\n\n\n<p>7. Zawody zostan\u0105 przeprowadzone zgodnie z przepisami PZTri.<\/p>\n","protected":false},"excerpt":{"rendered":"<p>1. Impreza zostanie przeprowadzona na dystansach: A &#8211; 1\/4 Ironman (0,95-45-10,50), limit czasu 4:30; &#8211; P\u0142ywanie zostanie rozegrane na 1 p\u0119tli (950 m), limit czasu uko\u0144czenia p\u0142ywania 0:40; &#8211; Rower na dystansie 45 km (2 p\u0119tle), uko\u0144czenia etapu rowerowego 2:00; &#8211; Bieg na dystansie 10,50 km, B &#8211; 1\/8 Ironman (0,475-22,5-5,25), limit czasu 2:30. &nbsp;&#8211; [&hellip;]<\/p>\n","protected":false},"author":1,"featured_media":0,"parent":153,"menu_order":0,"comment_status":"closed","ping_status":"closed","template":"","meta":{"saved_in_kubio":false,"footnotes":""},"class_list":["post-159","page","type-page","status-publish","hentry"],"kubio_ai_page_context":{"short_desc":"","purpose":"general"},"_links":{"self":[{"href":"http:\/\/kbvmax.com\/index.php?rest_route=\/wp\/v2\/pages\/159","targetHints":{"allow":["GET"]}}],"collection":[{"href":"http:\/\/kbvmax.com\/index.php?rest_route=\/wp\/v2\/pages"}],"about":[{"href":"http:\/\/kbvmax.com\/index.php?rest_route=\/wp\/v2\/types\/page"}],"author":[{"embeddable":true,"href":"http:\/\/kbvmax.com\/index.php?rest_route=\/wp\/v2\/users\/1"}],"replies":[{"embeddable":true,"href":"http:\/\/kbvmax.com\/index.php?rest_route=%2Fwp%2Fv2%2Fcomments&post=159"}],"version-history":[{"count":2,"href":"http:\/\/kbvmax.com\/index.php?rest_route=\/wp\/v2\/pages\/159\/revisions"}],"predecessor-version":[{"id":229,"href":"http:\/\/kbvmax.com\/index.php?rest_route=\/wp\/v2\/pages\/159\/revisions\/229"}],"up":[{"embeddable":true,"href":"http:\/\/kbvmax.com\/index.php?rest_route=\/wp\/v2\/pages\/153"}],"wp:attachment":[{"href":"http:\/\/kbvmax.com\/index.php?rest_route=%2Fwp%2Fv2%2Fmedia&parent=159"}],"curies":[{"name":"wp","href":"https:\/\/api.w.org\/{rel}","templated":true}]}}