{"id":155,"date":"2025-02-12T08:12:32","date_gmt":"2025-02-12T07:12:32","guid":{"rendered":"http:\/\/kbvmax.com\/?page_id=155"},"modified":"2025-02-19T09:54:47","modified_gmt":"2025-02-19T08:54:47","slug":"harmonogram","status":"publish","type":"page","link":"http:\/\/kbvmax.com\/?page_id=155","title":{"rendered":"Harmonogram"},"content":{"rendered":"\n<p><strong>10.08.2025 r. &#8211; Niedziela:<\/strong><\/p>\n\n\n\n<p>07:00 \u2013 09:00 otwarcie biura zawod\u00f3w<\/p>\n\n\n\n<p>07:00 \u2013 09:00 otwarcie strefy zmian wszystkich dystans\u00f3w<\/p>\n\n\n\n<p>09:15 \u2013 start dystansu 1\/4<\/p>\n\n\n\n<p>09:45 \u2013 start dystansu 1\/8<\/p>\n\n\n\n<p>12:30 \u2013 aquathlonu w kategorii dzieci 7-8 lat<\/p>\n\n\n\n<p>12:40 \u2013 aquathlonu w kategorii dzieci 9-10 lat<\/p>\n\n\n\n<p>12:50 \u2013 aquathlonu w kategorii \u017cak<\/p>\n\n\n\n<p>13:05 \u2013 aquathlonu w kategorii m\u0142odzik<\/p>\n\n\n\n<p>13:30 \u2013 ceremonia wr\u0119czenia nagr\u00f3d<\/p>\n\n\n\n<p class=\"has-kubio-color-6-color has-text-color has-link-color wp-elements-80771c0be454181984eaf875d538e85a\"><a>12:00 \u2013 14:30 odbi\u00f3r rower\u00f3w ze strefy zmian<\/a><\/p>\n\n\n\n<p>14:30 \u2013 Zako\u0144czenie imprezy<\/p>\n\n\n\n<p>Organizatorzy zastrzegaj\u0105 mo\u017cliwo\u015b\u0107 zmiany programu imprezy bez podania przyczyny.<\/p>\n","protected":false},"excerpt":{"rendered":"<p>10.08.2025 r. &#8211; Niedziela: 07:00 \u2013 09:00 otwarcie biura zawod\u00f3w 07:00 \u2013 09:00 otwarcie strefy zmian wszystkich dystans\u00f3w 09:15 \u2013 start dystansu 1\/4 09:45 \u2013 start dystansu 1\/8 12:30 \u2013 aquathlonu w kategorii dzieci 7-8 lat 12:40 \u2013 aquathlonu w kategorii dzieci 9-10 lat 12:50 \u2013 aquathlonu w kategorii \u017cak 13:05 \u2013 aquathlonu w kategorii [&hellip;]<\/p>\n","protected":false},"author":1,"featured_media":0,"parent":153,"menu_order":0,"comment_status":"closed","ping_status":"closed","template":"","meta":{"saved_in_kubio":false,"footnotes":""},"class_list":["post-155","page","type-page","status-publish","hentry"],"kubio_ai_page_context":{"short_desc":"","purpose":"general"},"_links":{"self":[{"href":"http:\/\/kbvmax.com\/index.php?rest_route=\/wp\/v2\/pages\/155","targetHints":{"allow":["GET"]}}],"collection":[{"href":"http:\/\/kbvmax.com\/index.php?rest_route=\/wp\/v2\/pages"}],"about":[{"href":"http:\/\/kbvmax.com\/index.php?rest_route=\/wp\/v2\/types\/page"}],"author":[{"embeddable":true,"href":"http:\/\/kbvmax.com\/index.php?rest_route=\/wp\/v2\/users\/1"}],"replies":[{"embeddable":true,"href":"http:\/\/kbvmax.com\/index.php?rest_route=%2Fwp%2Fv2%2Fcomments&post=155"}],"version-history":[{"count":2,"href":"http:\/\/kbvmax.com\/index.php?rest_route=\/wp\/v2\/pages\/155\/revisions"}],"predecessor-version":[{"id":228,"href":"http:\/\/kbvmax.com\/index.php?rest_route=\/wp\/v2\/pages\/155\/revisions\/228"}],"up":[{"embeddable":true,"href":"http:\/\/kbvmax.com\/index.php?rest_route=\/wp\/v2\/pages\/153"}],"wp:attachment":[{"href":"http:\/\/kbvmax.com\/index.php?rest_route=%2Fwp%2Fv2%2Fmedia&parent=155"}],"curies":[{"name":"wp","href":"https:\/\/api.w.org\/{rel}","templated":true}]}}