{"id":143,"date":"2025-02-07T15:18:08","date_gmt":"2025-02-07T14:18:08","guid":{"rendered":"http:\/\/kbvmax.com\/?page_id=143"},"modified":"2025-02-19T10:14:15","modified_gmt":"2025-02-19T09:14:15","slug":"wyniki","status":"publish","type":"page","link":"http:\/\/kbvmax.com\/?page_id=143","title":{"rendered":"Wyniki"},"content":{"rendered":"\n<h2 class=\"wp-block-heading\">Wyniki &#8211; Duathlon im. Gen. F. Kleeberga w Woli Gu\u0142owskiej<\/h2>\n\n\n\n<p><strong>Wyniki 2024:<\/strong><\/p>\n\n\n\n<p><a href=\"http:\/\/kbvmax.com\/wp-content\/uploads\/2025\/02\/Wyniki-2024.pdf\">III Duathlon im. Gen. F. Kleeberga w Woli Gu\u0142owskiej &#8211; wyniki 2024<\/a><\/p>\n\n\n\n<p><strong>Wyniki 2023:<\/strong><\/p>\n\n\n\n<p><a href=\"http:\/\/kbvmax.com\/wp-content\/uploads\/2025\/02\/II_Duathlon_w_Woli_Gulowskiej_2023_wyniki.pdf\">II Duathlon im. Gen. F. Kleeberga w Woli Gu\u0142owskiej &#8211; wyniki 2023<\/a><\/p>\n\n\n\n<p><strong>Wyniki 2022:<\/strong><\/p>\n\n\n\n<p><a href=\"http:\/\/kbvmax.com\/wp-content\/uploads\/2025\/02\/Duathlon_2022-wyniki.pdf\">I Duathlon im. Gen. F. Kleeberga w Woli Gu\u0142owskiej &#8211; wyniki 2022<\/a><\/p>\n","protected":false},"excerpt":{"rendered":"<p>Wyniki &#8211; Duathlon im. Gen. F. Kleeberga w Woli Gu\u0142owskiej Wyniki 2024: III Duathlon im. Gen. F. Kleeberga w Woli Gu\u0142owskiej &#8211; wyniki 2024 Wyniki 2023: II Duathlon im. Gen. F. Kleeberga w Woli Gu\u0142owskiej &#8211; wyniki 2023 Wyniki 2022: I Duathlon im. Gen. F. Kleeberga w Woli Gu\u0142owskiej &#8211; wyniki 2022<\/p>\n","protected":false},"author":1,"featured_media":0,"parent":97,"menu_order":0,"comment_status":"closed","ping_status":"closed","template":"","meta":{"saved_in_kubio":false,"footnotes":""},"class_list":["post-143","page","type-page","status-publish","hentry"],"kubio_ai_page_context":{"short_desc":"","purpose":"general"},"_links":{"self":[{"href":"http:\/\/kbvmax.com\/index.php?rest_route=\/wp\/v2\/pages\/143","targetHints":{"allow":["GET"]}}],"collection":[{"href":"http:\/\/kbvmax.com\/index.php?rest_route=\/wp\/v2\/pages"}],"about":[{"href":"http:\/\/kbvmax.com\/index.php?rest_route=\/wp\/v2\/types\/page"}],"author":[{"embeddable":true,"href":"http:\/\/kbvmax.com\/index.php?rest_route=\/wp\/v2\/users\/1"}],"replies":[{"embeddable":true,"href":"http:\/\/kbvmax.com\/index.php?rest_route=%2Fwp%2Fv2%2Fcomments&post=143"}],"version-history":[{"count":3,"href":"http:\/\/kbvmax.com\/index.php?rest_route=\/wp\/v2\/pages\/143\/revisions"}],"predecessor-version":[{"id":240,"href":"http:\/\/kbvmax.com\/index.php?rest_route=\/wp\/v2\/pages\/143\/revisions\/240"}],"up":[{"embeddable":true,"href":"http:\/\/kbvmax.com\/index.php?rest_route=\/wp\/v2\/pages\/97"}],"wp:attachment":[{"href":"http:\/\/kbvmax.com\/index.php?rest_route=%2Fwp%2Fv2%2Fmedia&parent=143"}],"curies":[{"name":"wp","href":"https:\/\/api.w.org\/{rel}","templated":true}]}}