{"id":112,"date":"2025-02-06T15:02:14","date_gmt":"2025-02-06T14:02:14","guid":{"rendered":"http:\/\/kbvmax.com\/?page_id=112"},"modified":"2025-02-19T10:06:40","modified_gmt":"2025-02-19T09:06:40","slug":"trasa","status":"publish","type":"page","link":"http:\/\/kbvmax.com\/?page_id=112","title":{"rendered":"Trasa"},"content":{"rendered":"\n<h2 class=\"wp-block-heading\">Trasa &#8211; Duathlon im. Gen. F. Kleeberga<\/h2>\n\n\n\n<p><strong>Link do trasy:<\/strong> <a href=\"https:\/\/www.google.com\/maps\/d\/u\/0\/viewer?mid=1Qw27zv9DB2-WLdeit1Az5aBO9oXWVzlK&amp;ll=51.69739578731381%2C22.214289800000003&amp;z=14\">https:\/\/www.google.com\/maps\/d\/u\/0\/viewer?mid=1Qw27zv9DB2-WLdeit1Az5aBO9oXWVzlK&amp;ll=51.69739578731381%2C22.214289800000003&amp;z=14<\/a><\/p>\n\n\n\n<p>1. Impreza zostanie przeprowadzona na dystansie sprint (5-20-2,5) limit czasu 2 godz:<\/p>\n\n\n\n<p>&#8211; Bieg na dystansie 5km zostanie rozegrany na 1 p\u0119tli, limit czasu<a> uko\u0144czenia biegu<\/a> 0:40;<\/p>\n\n\n\n<p>&#8211; Rower na dystansie 20 km (2 p\u0119tle), limit czasu <a>uko\u0144czenia etapu rowerowego <\/a>1:40;<\/p>\n\n\n\n<p>&#8211; Bieg na dystansie 2,5 km (1 p\u0119tla),<\/p>\n\n\n\n<p>2. Trasa biegowa poprowadzona drog\u0105 asfaltow\u0105. Bieg pierwszy jedna p\u0119tla 5km. Bieg drugi jedna p\u0119tla 2,5km. Pomiar trasy GPS. Na trasie biegowej numer startowy musi by\u0107 umieszczony z przodu pod gro\u017ab\u0105 dyskwalifikacji.<\/p>\n\n\n\n<p>3. Trasa rowerowa p\u0142aska poprowadzona dobrej jako\u015bci asfaltem. Pomiar trasy GPS. Kask sztywny obowi\u0105zkowy na ca\u0142ej trasie kolarskiej do momentu odwieszenia roweru. Ruch drogowy b\u0119dzie ca\u0142kowicie zamkni\u0119ty. Zawody w konwencji bez draftingu! Dozwolone rowery do jazdy na czas i kierownice triathlonowe. Na trasie rowerowej zawodnicy s\u0105 zobowi\u0105zani do poruszania si\u0119 praw\u0105 stron\u0105 jezdni oraz do bezwzgl\u0119dnego przestrzegania przepis\u00f3w ruchu drogowego. Obowi\u0105zuje zakaz u\u017cywania s\u0142uchawek do odbioru sygna\u0142\u00f3w pod gro\u017ab\u0105 dyskwalifikacji. 4. Wyrzucanie \u015bmieci poza wyznaczone przez organizatora strefy zrzutu karane b\u0119dzie kar\u0105 czasow\u0105 doliczon\u0105 do czasu ko\u0144cowego.<\/p>\n","protected":false},"excerpt":{"rendered":"<p>Trasa &#8211; Duathlon im. Gen. F. Kleeberga Link do trasy: https:\/\/www.google.com\/maps\/d\/u\/0\/viewer?mid=1Qw27zv9DB2-WLdeit1Az5aBO9oXWVzlK&amp;ll=51.69739578731381%2C22.214289800000003&amp;z=14 1. Impreza zostanie przeprowadzona na dystansie sprint (5-20-2,5) limit czasu 2 godz: &#8211; Bieg na dystansie 5km zostanie rozegrany na 1 p\u0119tli, limit czasu uko\u0144czenia biegu 0:40; &#8211; Rower na dystansie 20 km (2 p\u0119tle), limit czasu uko\u0144czenia etapu rowerowego 1:40; &#8211; Bieg na [&hellip;]<\/p>\n","protected":false},"author":1,"featured_media":0,"parent":97,"menu_order":0,"comment_status":"closed","ping_status":"closed","template":"","meta":{"saved_in_kubio":false,"footnotes":""},"class_list":["post-112","page","type-page","status-publish","hentry"],"kubio_ai_page_context":{"short_desc":"","purpose":"general"},"_links":{"self":[{"href":"http:\/\/kbvmax.com\/index.php?rest_route=\/wp\/v2\/pages\/112","targetHints":{"allow":["GET"]}}],"collection":[{"href":"http:\/\/kbvmax.com\/index.php?rest_route=\/wp\/v2\/pages"}],"about":[{"href":"http:\/\/kbvmax.com\/index.php?rest_route=\/wp\/v2\/types\/page"}],"author":[{"embeddable":true,"href":"http:\/\/kbvmax.com\/index.php?rest_route=\/wp\/v2\/users\/1"}],"replies":[{"embeddable":true,"href":"http:\/\/kbvmax.com\/index.php?rest_route=%2Fwp%2Fv2%2Fcomments&post=112"}],"version-history":[{"count":2,"href":"http:\/\/kbvmax.com\/index.php?rest_route=\/wp\/v2\/pages\/112\/revisions"}],"predecessor-version":[{"id":235,"href":"http:\/\/kbvmax.com\/index.php?rest_route=\/wp\/v2\/pages\/112\/revisions\/235"}],"up":[{"embeddable":true,"href":"http:\/\/kbvmax.com\/index.php?rest_route=\/wp\/v2\/pages\/97"}],"wp:attachment":[{"href":"http:\/\/kbvmax.com\/index.php?rest_route=%2Fwp%2Fv2%2Fmedia&parent=112"}],"curies":[{"name":"wp","href":"https:\/\/api.w.org\/{rel}","templated":true}]}}