{"id":110,"date":"2025-02-06T15:00:09","date_gmt":"2025-02-06T14:00:09","guid":{"rendered":"http:\/\/kbvmax.com\/?page_id=110"},"modified":"2025-02-06T15:00:09","modified_gmt":"2025-02-06T14:00:09","slug":"harmonogram","status":"publish","type":"page","link":"http:\/\/kbvmax.com\/?page_id=110","title":{"rendered":"Harmonogram"},"content":{"rendered":"\n<p><strong>PROGRAM IMPREZY<\/strong><\/p>\n\n\n\n<p><strong><u>12.04.2025 r. &#8211; Sobota:<\/u><\/strong><\/p>\n\n\n\n<p>09:00 \u2013 12:00 biuro zawod\u00f3w<\/p>\n\n\n\n<p>10:00 \u2013 12:15 otwarcie strefy zmian<\/p>\n\n\n\n<p>10.30 \u2013 12.30 Mi\u0119dzywojew\u00f3dzkie Biegi dla dzieci i m\u0142odzie\u017cy (12.45. Wr\u0119czenie nagr\u00f3d)<\/p>\n\n\n\n<p>12:30 \u2013 start dystansu sprint<\/p>\n\n\n\n<p class=\"has-kubio-color-6-color has-text-color has-link-color wp-elements-f9474be677284778e8da7f0b5ec5ebfa\"><a>14:30 \u2013 15:30 odbi\u00f3r rower\u00f3w ze strefy zmia<\/a>n<\/p>\n\n\n\n<p>14:30 \u2013 ceremonia wr\u0119czenia nagr\u00f3d<\/p>\n\n\n\n<p>15:30 \u2013 Zako\u0144czenie imprezy<\/p>\n\n\n\n<p>2. Organizatorzy zastrzegaj\u0105 mo\u017cliwo\u015b\u0107 zmiany programu imprezy bez podania przyczyny.<\/p>\n","protected":false},"excerpt":{"rendered":"<p>PROGRAM IMPREZY 12.04.2025 r. &#8211; Sobota: 09:00 \u2013 12:00 biuro zawod\u00f3w 10:00 \u2013 12:15 otwarcie strefy zmian 10.30 \u2013 12.30 Mi\u0119dzywojew\u00f3dzkie Biegi dla dzieci i m\u0142odzie\u017cy (12.45. Wr\u0119czenie nagr\u00f3d) 12:30 \u2013 start dystansu sprint 14:30 \u2013 15:30 odbi\u00f3r rower\u00f3w ze strefy zmian 14:30 \u2013 ceremonia wr\u0119czenia nagr\u00f3d 15:30 \u2013 Zako\u0144czenie imprezy 2. Organizatorzy zastrzegaj\u0105 mo\u017cliwo\u015b\u0107 [&hellip;]<\/p>\n","protected":false},"author":1,"featured_media":0,"parent":97,"menu_order":0,"comment_status":"closed","ping_status":"closed","template":"","meta":{"saved_in_kubio":false,"footnotes":""},"class_list":["post-110","page","type-page","status-publish","hentry"],"kubio_ai_page_context":{"short_desc":"","purpose":"general"},"_links":{"self":[{"href":"http:\/\/kbvmax.com\/index.php?rest_route=\/wp\/v2\/pages\/110","targetHints":{"allow":["GET"]}}],"collection":[{"href":"http:\/\/kbvmax.com\/index.php?rest_route=\/wp\/v2\/pages"}],"about":[{"href":"http:\/\/kbvmax.com\/index.php?rest_route=\/wp\/v2\/types\/page"}],"author":[{"embeddable":true,"href":"http:\/\/kbvmax.com\/index.php?rest_route=\/wp\/v2\/users\/1"}],"replies":[{"embeddable":true,"href":"http:\/\/kbvmax.com\/index.php?rest_route=%2Fwp%2Fv2%2Fcomments&post=110"}],"version-history":[{"count":1,"href":"http:\/\/kbvmax.com\/index.php?rest_route=\/wp\/v2\/pages\/110\/revisions"}],"predecessor-version":[{"id":111,"href":"http:\/\/kbvmax.com\/index.php?rest_route=\/wp\/v2\/pages\/110\/revisions\/111"}],"up":[{"embeddable":true,"href":"http:\/\/kbvmax.com\/index.php?rest_route=\/wp\/v2\/pages\/97"}],"wp:attachment":[{"href":"http:\/\/kbvmax.com\/index.php?rest_route=%2Fwp%2Fv2%2Fmedia&parent=110"}],"curies":[{"name":"wp","href":"https:\/\/api.w.org\/{rel}","templated":true}]}}