{"id":103,"date":"2025-02-06T14:52:21","date_gmt":"2025-02-06T13:52:21","guid":{"rendered":"http:\/\/kbvmax.com\/?page_id=103"},"modified":"2025-02-06T14:56:39","modified_gmt":"2025-02-06T13:56:39","slug":"regulamin-duathlon","status":"publish","type":"page","link":"http:\/\/kbvmax.com\/?page_id=103","title":{"rendered":"Regulamin Duathlon"},"content":{"rendered":"\n<p><strong>Regulamin IV Duathlonu <\/strong><strong>Pami\u0119ci<\/strong><\/p>\n\n\n\n<p><strong>gen. Franciszka Kleeberga<\/strong><\/p>\n\n\n\n<p>I. <strong>TERMIN I MIEJSCE<\/strong><\/p>\n\n\n\n<p>1. 12.04.2025 r.<\/p>\n\n\n\n<p>2. Start, Meta oraz strefa zmian T1 i T2 \u2013 parking przy zespole szk\u00f3\u0142 w Woli Gu\u0142owskiej .<\/p>\n\n\n\n<p>3. Biuro zawod\u00f3w; niedziela \u2013 w godz. 9:00 &#8211; 12:00.<\/p>\n\n\n\n<p>II. <strong>DYSTANS I TRASA<\/strong><\/p>\n\n\n\n<p>1. Impreza zostanie przeprowadzona na dystansie sprint (5-20-2,5) limit czasu 2 godz:<\/p>\n\n\n\n<p>&#8211; Bieg na dystansie 5km zostanie rozegrany na 1 p\u0119tli, limit czasu<a> uko\u0144czenia biegu<\/a> 0:40;<\/p>\n\n\n\n<p>&#8211; Rower na dystansie 20 km (2 p\u0119tle), limit czasu <a>uko\u0144czenia etapu rowerowego <\/a>1:40;<\/p>\n\n\n\n<p>&#8211; Bieg na dystansie 2,5 km (1 p\u0119tla),<\/p>\n\n\n\n<p>2. Trasa biegowa poprowadzona drog\u0105 asfaltow\u0105. Bieg pierwszy jedna p\u0119tla 5km. Bieg drugi jedna p\u0119tla 2,5km. Pomiar trasy GPS. Na trasie biegowej numer startowy musi by\u0107 umieszczony z przodu pod gro\u017ab\u0105 dyskwalifikacji.<\/p>\n\n\n\n<p>3. Trasa rowerowa p\u0142aska poprowadzona dobrej jako\u015bci asfaltem. Pomiar trasy GPS. Kask sztywny obowi\u0105zkowyna ca\u0142ej trasie kolarskiej do momentu odwieszenia roweru. Ruch drogowy b\u0119dzie ca\u0142kowicie zamkni\u0119ty. Zawody w konwencji bez draftingu! Dozwolone rowery do jazdy na czas i kierownice triathlonowe. Na trasie rowerowej zawodnicy s\u0105 zobowi\u0105zani do poruszania si\u0119 praw\u0105 stron\u0105 jezdni oraz do bezwzgl\u0119dnego przestrzegania przepis\u00f3w ruchu drogowego. Obowi\u0105zuje zakaz u\u017cywania s\u0142uchawek do odbioru sygna\u0142\u00f3w pod gro\u017ab\u0105 dyskwalifikacji.<\/p>\n\n\n\n<p>4. Wyrzucanie \u015bmieci poza wyznaczone przez organizatora strefy zrzutu karane b\u0119dzie kar\u0105 czasow\u0105 doliczon\u0105 do czasu ko\u0144cowego.<\/p>\n\n\n\n<p>III. <strong>BIURO ZAWOD\u00d3W<\/strong><\/p>\n\n\n\n<p>1. Biuro zawod\u00f3w zlokalizowane na parkingu przy szkole w Woli Gu\u0142owskiej b\u0119dzie czynne w godz. 09:00 \u201312:00.<\/p>\n\n\n\n<p>2. Podczas odbioru pakietu, zawodnik ma obowi\u0105zek okaza\u0107 dow\u00f3d to\u017csamo\u015bci wraz ze zdj\u0119ciem&nbsp;&nbsp;&nbsp;&nbsp;&nbsp;&nbsp;&nbsp;&nbsp;&nbsp;&nbsp;&nbsp;&nbsp;&nbsp;&nbsp;&nbsp;&nbsp;&nbsp;&nbsp;&nbsp;&nbsp;&nbsp;&nbsp;&nbsp; oraz podpisan\u0105 kart\u0119 zawodnika z o\u015bwiadczeniem o starcie z w\u0142asnej woli. Osoby, kt\u00f3re w dniu zawod\u00f3w nie maj\u0105 uko\u0144czonych 18 lat dodatkowo maj\u0105 obowi\u0105zek przed\u0142o\u017cy\u0107 w biurze zawod\u00f3w podpisan\u0105 zgod\u0119 rodzica lub opiekuna prawnego na udzia\u0142 w imprezie.<\/p>\n\n\n\n<p>IV. <strong>KLASYFIKACJE I KATEGORIE WIEKOWE<\/strong><\/p>\n\n\n\n<p>1. Klasyfikacje i kategorie wiekowe (decyduje rok urodzenia).<\/p>\n\n\n\n<p>&#8211; Kategoria OPEN Kobiety i M\u0119\u017cczy\u017ani<\/p>\n\n\n\n<p>&#8211; Kategorie wiekowe:<\/p>\n\n\n\n<p>&nbsp; K1, M1 (16-29 lat)<\/p>\n\n\n\n<p>&nbsp; K2, M2 (30-39 lat)<\/p>\n\n\n\n<p>&nbsp; K3, M3 (40-49 lat)<\/p>\n\n\n\n<p>&nbsp; K4, M4 (50-59 lat)<\/p>\n\n\n\n<p>&nbsp; K5, M5 (60 lat i wi\u0119cej).<\/p>\n\n\n\n<p>2. Kategoria \u017bo\u0142nierz Wojska Polskiego<\/p>\n\n\n\n<p>3. Organizatorzy zastrzegaj\u0105 sobie prawo do zmiany podanych kategorii wiekowych je\u017celi w ka\u017cdej kategorii nie b\u0119dzie zg\u0142oszonych minimum 4 zawodnik\u00f3w lub zawodniczek.<\/p>\n\n\n\n<p>4. Organizator zastrzega sobie prawo wprowadzenia dodatkowych kategorii.<\/p>\n\n\n\n<p>V. <strong>NAGRODY<\/strong><\/p>\n\n\n\n<p>1. Pierwszych trzech zawodnik\u00f3w i pierwsze trzy zawodniczki w ka\u017cdej kategorii &#8211; pami\u0105tkowe statuetki.<\/p>\n\n\n\n<p>2. Zwyci\u0119zcy w kategorii open nie b\u0119d\u0105 klasyfikowani w kategoriach wiekowych.<\/p>\n\n\n\n<p>3. Pozosta\u0142e kategorie dubluj\u0105 si\u0119.<\/p>\n\n\n\n<p>4. Nagrody rzeczowe uzale\u017cnione od pozyskanych \u015brodk\u00f3w od sponsor\u00f3w.<\/p>\n\n\n\n<p>5. Wszyscy zawodnicy, kt\u00f3rzy uko\u0144cz\u0105 zawody otrzymaj\u0105 okoliczno\u015bciowy medal.<\/p>\n\n\n\n<p>VI. <strong>WARUNKI UCZESTNICTWA<\/strong><\/p>\n\n\n\n<p>1. W zawodach Duathlon pami\u0119ci Gen. Franciszka Kleeberga mog\u0105 wzi\u0105\u0107 udzia\u0142 osoby, kt\u00f3re najp\u00f3\u017aniej w dniu startu, maj\u0105 uko\u0144czone 16 lat &nbsp;i przedstawi\u0105 dokument to\u017csamo\u015bci wraz ze zdj\u0119ciem, podpisz\u0105 kart\u0119 zawodnika oraz dostarcz\u0105 pisemn\u0105 zgod\u0119 rodzic\u00f3w lub opiekun\u00f3w prawnych.<\/p>\n\n\n\n<p>2. Ka\u017cdy z zawodnik\u00f3w zobowi\u0105zany jest posiada\u0107 wa\u017cn\u0105 licencj\u0119 Polskiego Zwi\u0105zku Triathlonu \u2013 jednorazow\u0105 b\u0105d\u017a roczn\u0105.<\/p>\n\n\n\n<p>VII. <strong>ZG\u0141OSZENIA<\/strong><\/p>\n\n\n\n<p>1. Zg\u0142oszenia do IV Duathlonu pami\u0119ci Gen. Franciszka Kleeberga b\u0119d\u0105 przyjmowane elektronicznie<\/p>\n\n\n\n<p>2. Termin uregulowania op\u0142aty startowej wynosi do 7 dni od daty wys\u0142ania formularza zg\u0142oszeniowego. Je\u017celi do imprezy pozostaje mniej ni\u017c 14 dni w\u00f3wczas na uregulowanie op\u0142aty startowej zawodnik ma 1 dzie\u0144.<\/p>\n\n\n\n<p>3. Op\u0142at\u0119 startow\u0105 nale\u017cy dokona\u0107 podczas zapis\u00f3w na zawody przez system p\u0142atno\u015bci online PayU.<\/p>\n\n\n\n<p>4. Po wype\u0142nieniu formularza zg\u0142oszeniowego zawodnik b\u0119dzie umieszczony na li\u015bcie startowej.<\/p>\n\n\n\n<p>5. Po wniesieniu op\u0142aty startowej i zaksi\u0119gowaniu zawodnik otrzyma na li\u015bcie startowej status Zatwierdzony.<\/p>\n\n\n\n<p>6. O terminie zg\u0142oszenia decyduje data zaksi\u0119gowania przelewu. Wszystkie koszty wp\u0142aty wpisowego pokrywa osoba wp\u0142acaj\u0105ca.<\/p>\n\n\n\n<p>7. Obowi\u0105zuje limit uczestnik\u00f3w 250 os\u00f3b.<\/p>\n\n\n\n<p>8. Uczestnik ponosi pe\u0142n\u0105 odpowiedzialno\u015b\u0107 za kompletno\u015b\u0107 i zgodno\u015b\u0107 z prawd\u0105 podanych przez niego danych i o\u015bwiadcze\u0144 podczas zg\u0142oszenia do zawod\u00f3w.<\/p>\n\n\n\n<p>9. W przypadku osi\u0105gni\u0119cia limitu uczestnik\u00f3w ka\u017cda kolejna osoba, kt\u00f3ra zg\u0142osi si\u0119 na zawody zostanie umieszczona na li\u015bcie rezerwowej.<\/p>\n\n\n\n<p>10. Zawodnicy umieszczeni na li\u015bcie rezerwowej b\u0119d\u0105 mogli zosta\u0107 przeniesieni na list\u0119 startow\u0105&nbsp;&nbsp;&nbsp;&nbsp;&nbsp;&nbsp;&nbsp;&nbsp;&nbsp;&nbsp;&nbsp;&nbsp;&nbsp;&nbsp;&nbsp;&nbsp;&nbsp;&nbsp;&nbsp;&nbsp; w momencie gdy zwolni si\u0119 miejsce na li\u015bcie startowej. Dopiero wtedy b\u0119d\u0105 zobowi\u0105zani do op\u0142acenia aktualnej op\u0142aty startowej. Przy przenoszeniu z listy rezerwowej na list\u0119 startow\u0105 obowi\u0105zuje kolejno\u015b\u0107 zg\u0142oszenia si\u0119 zawodnik\u00f3w na list\u0119 rezerwow\u0105.<\/p>\n\n\n\n<p>11. Zg\u0142oszenia przez Internet przyjmowane b\u0119d\u0105 do dnia 08.04.2025 r. lub do wyczerpania limitu miejsc, po tym terminie zg\u0142oszenie do imprezy b\u0119dzie mo\u017cliwe tylko w biurze zawod\u00f3w,&nbsp;&nbsp;&nbsp;&nbsp;&nbsp;&nbsp;&nbsp;&nbsp;&nbsp;&nbsp;&nbsp;&nbsp;&nbsp;&nbsp;&nbsp;&nbsp;&nbsp;&nbsp;&nbsp;&nbsp;&nbsp;&nbsp;&nbsp;&nbsp;&nbsp;&nbsp;&nbsp;&nbsp;&nbsp;&nbsp;&nbsp;&nbsp;&nbsp;&nbsp;&nbsp;&nbsp;&nbsp;&nbsp;&nbsp;&nbsp;&nbsp;&nbsp;&nbsp;&nbsp;&nbsp;&nbsp;&nbsp; pod warunkiem dost\u0119pno\u015bci miejsc.<\/p>\n\n\n\n<p>12. Zawodnik mo\u017ce r\u00f3wnie\u017c przekaza\u0107 \/ odsprzeda\u0107 pakiet innemu zawodnikowi. Za zmian\u0119 zawodnika organizator pobiera op\u0142at\u0119 administracyjn\u0105 w wysoko\u015bci 20,00 z\u0142.Aby odsprzeda\u0107 pakiet wystarczy wys\u0142a\u0107 do organizator\u00f3w&nbsp; e-maila z informacj\u0105 o przekazaniu swojego pakietu innej osobie podaj\u0105c imi\u0119, nazwisko i rok urodzenia tej osoby. Osoba, kt\u00f3ra przejmuje pakiet musi za\u0142o\u017cy\u0107 swoje konto w systemie zg\u0142oszeniowym, Organizatorzy nie ponosz\u0105 odpowiedzialno\u015bciza rozliczenia za przekazany pakiet startowy pomi\u0119dzy zawodnikami. Przekazanie pakietu mo\u017cliwe jest do 14 dni przed imprez\u0105. Op\u0142at\u0119 ponosi zawodnik przejmuj\u0105cy pakiet startowy.Op\u0142at\u0119 nale\u017cy wnosi\u0107 na konto bankowe Klubu Biegacza V-Max Adam\u00f3w, Bank Sp\u00f3\u0142dzielczy w Adamowie \u2013 rachuneknr <strong><u>42 9202 0003 0000 0084 2000 0010<\/u><\/strong><\/p>\n\n\n\n<p>14. Wpisowe pobierane jest od uczestnik\u00f3w w celu sfinansowania imprezy.<\/p>\n\n\n\n<p>VIII. <strong>WPISOWE<\/strong><\/p>\n\n\n\n<p>1. W zawodach Duathlon pami\u0119ci Gen. Franciszka Kleeberga obowi\u0105zuj\u0105 op\u0142aty startowe w wysoko\u015bci.<\/p>\n\n\n\n<figure class=\"wp-block-table\"><table class=\"has-fixed-layout\"><tbody><tr><td><a><strong>Termin<\/strong><\/a><\/td><td><strong>Op\u0142ata<\/strong><\/td><\/tr><tr><td><a>do 15.02.2025 r.<\/a><\/td><td>100 z\u0142<\/td><\/tr><tr><td>do 15.03.2025 r.<\/td><td>130 z\u0142<\/td><\/tr><tr><td>do 01.04.2025 r.<\/td><td>160 z\u0142<\/td><\/tr><tr><td>do 08.04.2025 r.<\/td><td>180 z\u0142<\/td><\/tr><tr><td>W biurze zawod\u00f3w w dniu 12.04.2025 r.<\/td><td>200 z\u0142<\/td><\/tr><\/tbody><\/table><\/figure>\n\n\n\n<p>2. Termin wp\u0142aty rozumiany jest jako data zaksi\u0119gowania przelewu na koncie organizatora.<\/p>\n\n\n\n<p>3. Podczas rejestracji nale\u017cy dokona\u0107 p\u0142atno\u015bci online przez system PayU.<\/p>\n\n\n\n<p>4. W przypadku zg\u0142osze\u0144 po 1 kwietnia 2025 r. organizator nie gwarantuje zawodnikowi\/zawodniczce otrzymania pe\u0142nego pakietu startowego.<\/p>\n\n\n\n<p>5. W przypadku odwo\u0142ania imprezy z winy le\u017c\u0105cej po stronie organizatora op\u0142ata startowa zostanie zwr\u00f3cona w ca\u0142o\u015bci na konto lub kart\u0119 kredytow\u0105, z kt\u00f3rego zosta\u0142a dokonana p\u0142atno\u015b\u0107.<\/p>\n\n\n\n<p>IX. <strong>TOALETY<\/strong><\/p>\n\n\n\n<p>1. Toalety znajduj\u0105 si\u0119 w okolicach startu, mety oraz strefy zmian.<\/p>\n\n\n\n<p>X. <strong>POMIAR CZASU<\/strong><\/p>\n\n\n\n<p>1. Elektroniczny pomiar czasu prowadzony b\u0119dzie przez profesjonaln\u0105 firm\u0119 pomiarow\u0105.<\/p>\n\n\n\n<p>XI. <strong>DEPOZYT<\/strong><\/p>\n\n\n\n<p>1. Depozyt dla uczestnik\u00f3w znajdowa\u0107 si\u0119 b\u0119dzie w pobli\u017cu wej\u015bcia do strefy zmian T1 w oznakowanym miejscu.<\/p>\n\n\n\n<p>2. Depozyt czynny b\u0119dzie w dniu 12.04.2025 r. w godzinach 10:00 -15:00.<\/p>\n\n\n\n<p>3. Uczestnicy oddaj\u0105 do depozytu rzeczy zapakowane w worki, oznaczone naklejk\u0105 z numerem startowym. Worki oraz naklejki dostarcza Organizator w pakiecie startowym.<\/p>\n\n\n\n<p>4. Wydawanie work\u00f3w z depozytu odbywa\u0107 si\u0119 b\u0119dzie za okazaniem numeru startowego.<\/p>\n\n\n\n<p>5. W przypadku zagubienia numeru startowego worek z rzeczami Uczestnika pozostawiony&nbsp;&nbsp;&nbsp;&nbsp;&nbsp;&nbsp;&nbsp;&nbsp;&nbsp;&nbsp;&nbsp;&nbsp;&nbsp;&nbsp;&nbsp;&nbsp;&nbsp;&nbsp;&nbsp;&nbsp;&nbsp;&nbsp;&nbsp;&nbsp;&nbsp;&nbsp;&nbsp;&nbsp;&nbsp;&nbsp;&nbsp;&nbsp;&nbsp;&nbsp;&nbsp;&nbsp;&nbsp;&nbsp;&nbsp;&nbsp; w depozycie zostanie wydany za okazaniem dokumentu to\u017csamo\u015bci ze zdj\u0119ciem Uczestnika.<\/p>\n\n\n\n<p>6. Zagubienie numeru startowego przez Uczestnika zwalnia Organizatora od odpowiedzialno\u015bci&nbsp;&nbsp;&nbsp;&nbsp;&nbsp;&nbsp;&nbsp;&nbsp;&nbsp;&nbsp;&nbsp;&nbsp;&nbsp;&nbsp;&nbsp;&nbsp;&nbsp;&nbsp;&nbsp;&nbsp;&nbsp;&nbsp;&nbsp;&nbsp;&nbsp;&nbsp;&nbsp;&nbsp;&nbsp;&nbsp;&nbsp;&nbsp;&nbsp;&nbsp;&nbsp;&nbsp;&nbsp;&nbsp;&nbsp;&nbsp;&nbsp;&nbsp;&nbsp;&nbsp;&nbsp;&nbsp;&nbsp;&nbsp;&nbsp;&nbsp;&nbsp;&nbsp;&nbsp; za pobrane rzeczy przez inn\u0105 osob\u0119.<\/p>\n\n\n\n<p>7. Rzeczy nie odebrane z depozytu trafi\u0105 do magazynu organizatora. Ich odbi\u00f3r b\u0119dzie mo\u017cliwy osobi\u015bcie po um\u00f3wieniu si\u0119 z organizatorem lub poprzez przes\u0142anie przesy\u0142k\u0105 kuriersk\u0105 na koszt uczestnika.<\/p>\n\n\n\n<p>XVI. <strong>OCHRONA DANYCH OSOBOWYCH<\/strong><\/p>\n\n\n\n<ol class=\"wp-block-list\">\n<li>Zg\u0142oszenie do udzia\u0142u w zawodach oznacza zgod\u0119 na wykorzystanie wizerunku, a tak\u017ce<br>na podanie danych osobowych, kt\u00f3re zostan\u0105 wykorzystane w celu organizacji imprezy.<\/li>\n\n\n\n<li>Dane osobowe uczestnik\u00f3w imprezy \u201eDuathlon pami\u0119ci Gen. Franciszka Kleeberga\u201d b\u0119d\u0105 wykorzystywane wy\u0142\u0105cznie na potrzeby imprezy oraz b\u0119d\u0105 u\u017cywane zgodnie z art. 13 Rozporz\u0105dzenia Parlamentu Europejskiego i Rady (UE) 2016\/679 z dnia 27 kwietnia 2016 r. w prawie ochrony os\u00f3b fizycznych w zwi\u0105zku z przetwarzaniem danych osobowych i w sprawie swobodnego przep\u0142ywu takich danych oraz uchylenia dyrektywy 95\/46\/WE (4.5.2016 L 119\/3 Dziennik Urz\u0119dowy Unii Europejskiej PL). Dane te zostan\u0105 trwale usuni\u0119te w ci\u0105gu 14 dni od zako\u0144czenia imprezy.<\/li>\n\n\n\n<li>Uczestnik\/opiekun uczestnika zawod\u00f3w zgadza si\u0119 na podanie swoich danych osobowych obejmuj\u0105cych imi\u0119, nazwisko, rok urodzenia, przynale\u017cno\u015b\u0107 klubowa, miejscowo\u015b\u0107. Podanie tych danych jest dobrowolne, jednak warunkuje udzia\u0142 w zawodach.<\/li>\n\n\n\n<li>\u00a0Administratorem danych osobowych jest Pomnik Czynu Bojowego Kleeberczyk\u00f3w w Woli Gu\u0142owskiej.<\/li>\n<\/ol>\n\n\n\n<p>XIII. <strong>POST\u0118POWANIE REKLAMACYJNE<\/strong><\/p>\n\n\n\n<p>1. Reklamacje dotycz\u0105ce spraw zwi\u0105zanych z imprez\u0105 nale\u017cy sk\u0142ada\u0107 pisemnie (e-mail) do Organizatora wraz z uzasadnieniem, w terminie 24 (s\u0142ownie: dwudziestu czterech) godzin od daty przeprowadzenia imprezy.<\/p>\n\n\n\n<p>2. Reklamacje przes\u0142ane po up\u0142ywie terminu okre\u015blonego w ust\u0119pie 1 niniejszego paragrafu nie b\u0119d\u0105 rozpatrywane.<\/p>\n\n\n\n<p>3. Reklamacje dotycz\u0105ce imprezy Organizator rozpatrywa\u0107 b\u0119dzie w terminie 7 (s\u0142ownie: siedmiu) dni od dnia ich otrzymania.<\/p>\n\n\n\n<p>4. Decyzja Organizatora w sprawie reklamacji dotycz\u0105cych imprezy b\u0119d\u0105 ostateczne.<\/p>\n\n\n\n<p>XIV. <strong>UWAGI KO\u0143COWE<\/strong><\/p>\n\n\n\n<p>1. Ostateczne zamkni\u0119cie listy startowej na dzie\u0144 12.04.2025 r. nast\u0105pi w dniu imprezy o godz. 12:00 lub po wcze\u015bniejszym wyczerpaniu limitu miejsc.<\/p>\n\n\n\n<p>2. Odbi\u00f3r pakiet\u00f3w startowych mo\u017cliwy b\u0119dzie wy\u0142\u0105cznie w Biurze Zawod\u00f3w.<\/p>\n\n\n\n<p>3. W ramach pakietu startowego zawodnik otrzyma: komplet numer\u00f3w startowych, pami\u0105tkowy upominek, bon na posi\u0142ek po zawodach oraz upominki od sponsor\u00f3w i partner\u00f3w imprezy. Dodatkowo ka\u017cdy zawodnik, kt\u00f3ry uko\u0144czy imprez\u0119 otrzyma pami\u0105tkowy medal.<\/p>\n\n\n\n<p>4. Organizator nie ponosi odpowiedzialno\u015bci za wypadki i zdarzenia losowe zaistnia\u0142e podczas imprezy.<\/p>\n\n\n\n<p>5. Organizator nie ponosi odpowiedzialno\u015bci za ewentualne kolizje i wypadki na trasie imprezy spowodowane z winy Uczestnika.<\/p>\n\n\n\n<p>6. Uczestnicy ponosz\u0105 odpowiedzialno\u015b\u0107 cywiln\u0105 za wszystkie wyrz\u0105dzone przez siebie szkody&nbsp;&nbsp;&nbsp;&nbsp;&nbsp;&nbsp;&nbsp;&nbsp;&nbsp;&nbsp;&nbsp;&nbsp;&nbsp;&nbsp;&nbsp;&nbsp;&nbsp;&nbsp;&nbsp;&nbsp;&nbsp;&nbsp;&nbsp;&nbsp;&nbsp;&nbsp;&nbsp;&nbsp;&nbsp;&nbsp;&nbsp;&nbsp;&nbsp;&nbsp;&nbsp; z w\u0142asnej, wy\u0142\u0105cznej winy innym Uczestnikom zawod\u00f3w oraz osobom trzecim.<\/p>\n\n\n\n<p>7. Uczestnicy zobowi\u0105zuj\u0105 si\u0119 do przestrzegania zarz\u0105dze\u0144 i polece\u0144 ze strony s\u0142u\u017cb porz\u0105dkowych Organizatora w czasie imprezy.<\/p>\n\n\n\n<p>8. Uczestnicy maj\u0105 obowi\u0105zek stosowania si\u0119 do polece\u0144 funkcjonariuszy Policji oraz os\u00f3b zabezpieczaj\u0105cych imprez\u0119.<\/p>\n\n\n\n<p>9. W czasie trwania zawod\u00f3w Organizator zapewnia opiek\u0119 medyczn\u0105. A decyzje opieki medycznej&nbsp;&nbsp;&nbsp;&nbsp;&nbsp;&nbsp;&nbsp;&nbsp;&nbsp;&nbsp;&nbsp;&nbsp;&nbsp;&nbsp;&nbsp;&nbsp;&nbsp;&nbsp;&nbsp;&nbsp;&nbsp;&nbsp;&nbsp;&nbsp;&nbsp;&nbsp;&nbsp;&nbsp;&nbsp;&nbsp; w zakresie kontynuowania zawod\u00f3w s\u0105 ostateczne.<\/p>\n\n\n\n<p>10. Odbi\u00f3r nagr\u00f3d i statuetek mo\u017ce nast\u0105pi\u0107 wy\u0142\u0105cznie podczas ko\u0144cz\u0105cej zawody ceremonii wr\u0119czenia nagr\u00f3d.<\/p>\n\n\n\n<p>11. Organizator zabrania ingerencji w przekazane zawodnikom numery startowe. Umieszczanie jakichkolwiek dopisk\u00f3w, znak\u00f3w graficznych i adnotacji na numerach startowych grozi dyskwalifikacj\u0105 zawodnika.<\/p>\n\n\n\n<p>12. Zgubienie czipa do pomiaru czasu przez zawodnika nale\u017cy zg\u0142osi\u0107 do s\u0119dziego bezpo\u015brednio po zdarzeniu oraz na mecie w punkcie pomiaru czasu.<\/p>\n\n\n\n<p>13. Ostateczna interpretacja regulaminu nale\u017cy do Organizatora. Organizator rozstrzyga wszystkie kwestie nie uj\u0119te w regulaminie.<\/p>\n\n\n\n<p>14. Organizator zastrzega sobie prawo odmowy startu zawodnika, kt\u00f3ry swoim zachowaniem&nbsp;&nbsp;&nbsp;&nbsp;&nbsp;&nbsp;&nbsp;&nbsp;&nbsp;&nbsp;&nbsp;&nbsp;&nbsp;&nbsp;&nbsp;&nbsp;&nbsp;&nbsp;&nbsp;&nbsp;&nbsp;&nbsp;&nbsp;&nbsp;&nbsp;&nbsp;&nbsp;&nbsp;&nbsp;&nbsp;&nbsp;&nbsp;&nbsp;&nbsp;&nbsp;&nbsp;&nbsp; na wcze\u015bniejszych imprezach nie prezentowa\u0142 postawy sportowej, a swoim zachowaniem i sposobem bycia obra\u017ca\u0142 innych zawodnik\u00f3w. W takiej sytuacji zawodnik otrzyma pe\u0142ny zwrot op\u0142aty startowej.<\/p>\n\n\n\n<p>15. W przypadku niespodziewanych kl\u0119sk \u017cywio\u0142owych takich jak pow\u00f3d\u017a, sztorm, grad, huragan, ulewny deszcz, burze z piorunami itp., Organizator zastrzega sobie mo\u017cliwo\u015b\u0107 odwo\u0142ania imprezy, prze\u0142o\u017cenie jej na inny termin lub zmiany formu\u0142y\/dystansu zawod\u00f3w. Decyzja organizatora w tej kwestii jest ostateczna.<\/p>\n\n\n\n<p>16. Uczestnik startuje wy\u0142\u0105cznie na w\u0142asn\u0105 odpowiedzialno\u015b\u0107 i ponosi zwi\u0105zane z tym ryzyko. Wszyscy Uczestnicy przyjmuj\u0105 do wiadomo\u015bci, \u017ce udzia\u0142 w zawodach wi\u0105\u017ce si\u0119 z wysi\u0142kiem fizycznym i poci\u0105ga za sob\u0105 naturalne ryzyko i zagro\u017cenie wypadkami, mo\u017cliwo\u015bci odniesienia obra\u017ce\u0144 cia\u0142a i uraz\u00f3w fizycznych (w tym \u015bmierci), a tak\u017ce szk\u00f3d i strat o charakterze maj\u0105tkowym.<\/p>\n","protected":false},"excerpt":{"rendered":"<p>Regulamin IV Duathlonu Pami\u0119ci gen. Franciszka Kleeberga I. TERMIN I MIEJSCE 1. 12.04.2025 r. 2. Start, Meta oraz strefa zmian T1 i T2 \u2013 parking przy zespole szk\u00f3\u0142 w Woli Gu\u0142owskiej . 3. Biuro zawod\u00f3w; niedziela \u2013 w godz. 9:00 &#8211; 12:00. II. DYSTANS I TRASA 1. Impreza zostanie przeprowadzona na dystansie sprint (5-20-2,5) limit [&hellip;]<\/p>\n","protected":false},"author":1,"featured_media":0,"parent":97,"menu_order":0,"comment_status":"closed","ping_status":"closed","template":"","meta":{"saved_in_kubio":false,"footnotes":""},"class_list":["post-103","page","type-page","status-publish","hentry"],"kubio_ai_page_context":{"short_desc":"","purpose":"general"},"_links":{"self":[{"href":"http:\/\/kbvmax.com\/index.php?rest_route=\/wp\/v2\/pages\/103","targetHints":{"allow":["GET"]}}],"collection":[{"href":"http:\/\/kbvmax.com\/index.php?rest_route=\/wp\/v2\/pages"}],"about":[{"href":"http:\/\/kbvmax.com\/index.php?rest_route=\/wp\/v2\/types\/page"}],"author":[{"embeddable":true,"href":"http:\/\/kbvmax.com\/index.php?rest_route=\/wp\/v2\/users\/1"}],"replies":[{"embeddable":true,"href":"http:\/\/kbvmax.com\/index.php?rest_route=%2Fwp%2Fv2%2Fcomments&post=103"}],"version-history":[{"count":2,"href":"http:\/\/kbvmax.com\/index.php?rest_route=\/wp\/v2\/pages\/103\/revisions"}],"predecessor-version":[{"id":108,"href":"http:\/\/kbvmax.com\/index.php?rest_route=\/wp\/v2\/pages\/103\/revisions\/108"}],"up":[{"embeddable":true,"href":"http:\/\/kbvmax.com\/index.php?rest_route=\/wp\/v2\/pages\/97"}],"wp:attachment":[{"href":"http:\/\/kbvmax.com\/index.php?rest_route=%2Fwp%2Fv2%2Fmedia&parent=103"}],"curies":[{"name":"wp","href":"https:\/\/api.w.org\/{rel}","templated":true}]}}